{"id":265,"date":"2021-01-07T03:31:58","date_gmt":"2021-01-07T03:31:58","guid":{"rendered":"https:\/\/costabrava.multinternet.com\/?page_id=265"},"modified":"2022-06-21T15:31:24","modified_gmt":"2022-06-21T15:31:24","slug":"nos-partenaires","status":"publish","type":"page","link":"https:\/\/achetermalincostabrava.com\/en\/nos-partenaires\/","title":{"rendered":"Our partners"},"content":{"rendered":"<div data-elementor-type=\"wp-page\" data-elementor-id=\"265\" class=\"elementor elementor-265\" data-elementor-post-type=\"page\">\n\t\t\t\t\t\t<section class=\"elementor-section elementor-top-section elementor-element elementor-element-20ba52a elementor-section-content-middle elementor-section-height-min-height elementor-section-boxed elementor-section-height-default elementor-section-items-middle\" data-id=\"20ba52a\" data-element_type=\"section\" data-e-type=\"section\" data-settings=\"{&quot;background_background&quot;:&quot;classic&quot;}\">\n\t\t\t\t\t\t\t<div class=\"elementor-background-overlay\"><\/div>\n\t\t\t\t\t\t\t<div class=\"elementor-container elementor-column-gap-default\">\n\t\t\t\t\t<div class=\"elementor-column elementor-col-50 elementor-top-column elementor-element elementor-element-114eaeb\" data-id=\"114eaeb\" data-element_type=\"column\" data-e-type=\"column\">\n\t\t\t<div class=\"elementor-widget-wrap elementor-element-populated\">\n\t\t\t\t\t\t<div class=\"elementor-element elementor-element-85773f6 elementor-widget elementor-widget-heading\" data-id=\"85773f6\" data-element_type=\"widget\" data-e-type=\"widget\" data-settings=\"{&quot;_animation&quot;:&quot;none&quot;}\" data-widget_type=\"heading.default\">\n\t\t\t\t<div class=\"elementor-widget-container\">\n\t\t\t\t\t<h1 class=\"elementor-heading-title elementor-size-default\">Our partners<\/h1>\t\t\t\t<\/div>\n\t\t\t\t<\/div>\n\t\t\t\t\t<\/div>\n\t\t<\/div>\n\t\t\t\t<div class=\"elementor-column elementor-col-50 elementor-top-column elementor-element elementor-element-492379b\" data-id=\"492379b\" data-element_type=\"column\" data-e-type=\"column\">\n\t\t\t<div class=\"elementor-widget-wrap\">\n\t\t\t\t\t\t\t<\/div>\n\t\t<\/div>\n\t\t\t\t\t<\/div>\n\t\t<\/section>\n\t\t\t\t<section class=\"elementor-section elementor-top-section elementor-element elementor-element-47042f2 elementor-section-boxed elementor-section-height-default elementor-section-height-default\" data-id=\"47042f2\" data-element_type=\"section\" data-e-type=\"section\">\n\t\t\t\t\t\t<div class=\"elementor-container elementor-column-gap-default\">\n\t\t\t\t\t<div class=\"elementor-column elementor-col-33 elementor-top-column elementor-element elementor-element-6242d64\" data-id=\"6242d64\" data-element_type=\"column\" data-e-type=\"column\">\n\t\t\t<div class=\"elementor-widget-wrap elementor-element-populated\">\n\t\t\t\t\t\t<div class=\"elementor-element elementor-element-ed9c5c1 elementor-widget elementor-widget-image\" data-id=\"ed9c5c1\" data-element_type=\"widget\" data-e-type=\"widget\" data-widget_type=\"image.default\">\n\t\t\t\t<div class=\"elementor-widget-container\">\n\t\t\t\t\t\t\t\t\t\t\t\t<figure class=\"wp-caption\">\n\t\t\t\t\t\t\t\t\t\t<img fetchpriority=\"high\" decoding=\"async\" width=\"300\" height=\"178\" src=\"https:\/\/achetermalincostabrava.com\/wp-content\/uploads\/2021\/01\/LOGO-PartenaireSansFond-300x178-1.png\" class=\"attachment-large size-large wp-image-272\" alt=\"Logo-PartenaireSansFond\" \/>\t\t\t\t\t\t\t\t\t\t\t<figcaption class=\"widget-image-caption wp-caption-text\">Logo-FundlessPartner<\/figcaption>\n\t\t\t\t\t\t\t\t\t\t<\/figure>\n\t\t\t\t\t\t\t\t\t<\/div>\n\t\t\t\t<\/div>\n\t\t\t\t\t<\/div>\n\t\t<\/div>\n\t\t\t\t<div class=\"elementor-column elementor-col-33 elementor-top-column elementor-element elementor-element-0bd57ef\" data-id=\"0bd57ef\" data-element_type=\"column\" data-e-type=\"column\">\n\t\t\t<div class=\"elementor-widget-wrap elementor-element-populated\">\n\t\t\t\t\t\t<div class=\"elementor-element elementor-element-a97a07c elementor-widget elementor-widget-image\" data-id=\"a97a07c\" data-element_type=\"widget\" data-e-type=\"widget\" data-widget_type=\"image.default\">\n\t\t\t\t<div class=\"elementor-widget-container\">\n\t\t\t\t\t\t\t\t\t\t\t\t<figure class=\"wp-caption\">\n\t\t\t\t\t\t\t\t\t\t<img decoding=\"async\" width=\"284\" height=\"121\" src=\"https:\/\/achetermalincostabrava.com\/wp-content\/uploads\/2021\/01\/Logo-API-AICAT.jpg\" class=\"attachment-large size-large wp-image-268\" alt=\"membre Api\" \/>\t\t\t\t\t\t\t\t\t\t\t<figcaption class=\"widget-image-caption wp-caption-text\">Api member<\/figcaption>\n\t\t\t\t\t\t\t\t\t\t<\/figure>\n\t\t\t\t\t\t\t\t\t<\/div>\n\t\t\t\t<\/div>\n\t\t\t\t\t<\/div>\n\t\t<\/div>\n\t\t\t\t<div class=\"elementor-column elementor-col-33 elementor-top-column elementor-element elementor-element-e0a02ef\" data-id=\"e0a02ef\" data-element_type=\"column\" data-e-type=\"column\">\n\t\t\t<div class=\"elementor-widget-wrap elementor-element-populated\">\n\t\t\t\t\t\t<div class=\"elementor-element elementor-element-a0f0094 elementor-widget elementor-widget-image\" data-id=\"a0f0094\" data-element_type=\"widget\" data-e-type=\"widget\" data-widget_type=\"image.default\">\n\t\t\t\t<div class=\"elementor-widget-container\">\n\t\t\t\t\t\t\t\t\t\t\t\t<figure class=\"wp-caption\">\n\t\t\t\t\t\t\t\t\t\t<img decoding=\"async\" width=\"150\" height=\"150\" src=\"https:\/\/achetermalincostabrava.com\/wp-content\/uploads\/2021\/01\/logoEasyExpat.gif\" class=\"attachment-large size-large wp-image-273\" alt=\"logoEasyExpat\" \/>\t\t\t\t\t\t\t\t\t\t\t<figcaption class=\"widget-image-caption wp-caption-text\">logoEasyExpat<\/figcaption>\n\t\t\t\t\t\t\t\t\t\t<\/figure>\n\t\t\t\t\t\t\t\t\t<\/div>\n\t\t\t\t<\/div>\n\t\t\t\t\t<\/div>\n\t\t<\/div>\n\t\t\t\t\t<\/div>\n\t\t<\/section>\n\t\t\t\t<section class=\"elementor-section elementor-top-section elementor-element elementor-element-ff50ebc elementor-section-boxed elementor-section-height-default elementor-section-height-default\" data-id=\"ff50ebc\" data-element_type=\"section\" data-e-type=\"section\">\n\t\t\t\t\t\t<div class=\"elementor-container elementor-column-gap-default\">\n\t\t\t\t\t<div class=\"elementor-column elementor-col-25 elementor-top-column elementor-element elementor-element-1a3d2ba\" data-id=\"1a3d2ba\" data-element_type=\"column\" data-e-type=\"column\">\n\t\t\t<div class=\"elementor-widget-wrap elementor-element-populated\">\n\t\t\t\t\t\t<div class=\"elementor-element elementor-element-489c72e elementor-widget elementor-widget-image\" data-id=\"489c72e\" data-element_type=\"widget\" data-e-type=\"widget\" data-widget_type=\"image.default\">\n\t\t\t\t<div class=\"elementor-widget-container\">\n\t\t\t\t\t\t\t\t\t\t\t\t<figure class=\"wp-caption\">\n\t\t\t\t\t\t\t\t\t\t<img loading=\"lazy\" decoding=\"async\" width=\"193\" height=\"77\" src=\"https:\/\/achetermalincostabrava.com\/wp-content\/uploads\/2021\/01\/logo-htbis.jpg\" class=\"attachment-large size-large wp-image-270\" alt=\"logo-htbis\" \/>\t\t\t\t\t\t\t\t\t\t\t<figcaption class=\"widget-image-caption wp-caption-text\">logo-htbis<\/figcaption>\n\t\t\t\t\t\t\t\t\t\t<\/figure>\n\t\t\t\t\t\t\t\t\t<\/div>\n\t\t\t\t<\/div>\n\t\t\t\t\t<\/div>\n\t\t<\/div>\n\t\t\t\t<div class=\"elementor-column elementor-col-25 elementor-top-column elementor-element elementor-element-58bbde0\" data-id=\"58bbde0\" data-element_type=\"column\" data-e-type=\"column\">\n\t\t\t<div class=\"elementor-widget-wrap elementor-element-populated\">\n\t\t\t\t\t\t<div class=\"elementor-element elementor-element-57a6cd1 elementor-widget elementor-widget-image\" data-id=\"57a6cd1\" data-element_type=\"widget\" data-e-type=\"widget\" data-widget_type=\"image.default\">\n\t\t\t\t<div class=\"elementor-widget-container\">\n\t\t\t\t\t\t\t\t\t\t\t\t<figure class=\"wp-caption\">\n\t\t\t\t\t\t\t\t\t\t<img loading=\"lazy\" decoding=\"async\" width=\"300\" height=\"94\" src=\"https:\/\/achetermalincostabrava.com\/wp-content\/uploads\/2021\/01\/logo-destination-espagne-300x94-1.jpg\" class=\"attachment-large size-large wp-image-271\" alt=\"logo destination espagne\" \/>\t\t\t\t\t\t\t\t\t\t\t<figcaption class=\"widget-image-caption wp-caption-text\">destination spain logo<\/figcaption>\n\t\t\t\t\t\t\t\t\t\t<\/figure>\n\t\t\t\t\t\t\t\t\t<\/div>\n\t\t\t\t<\/div>\n\t\t\t\t\t<\/div>\n\t\t<\/div>\n\t\t\t\t<div class=\"elementor-column elementor-col-25 elementor-top-column elementor-element elementor-element-30de479\" data-id=\"30de479\" data-element_type=\"column\" data-e-type=\"column\">\n\t\t\t<div class=\"elementor-widget-wrap elementor-element-populated\">\n\t\t\t\t\t\t<div class=\"elementor-element elementor-element-42d6231 elementor-widget elementor-widget-image\" data-id=\"42d6231\" data-element_type=\"widget\" data-e-type=\"widget\" data-widget_type=\"image.default\">\n\t\t\t\t<div class=\"elementor-widget-container\">\n\t\t\t\t\t\t\t\t\t\t\t\t<figure class=\"wp-caption\">\n\t\t\t\t\t\t\t\t\t\t<img loading=\"lazy\" decoding=\"async\" width=\"324\" height=\"76\" src=\"https:\/\/achetermalincostabrava.com\/wp-content\/uploads\/2021\/01\/logo-aquit2.jpg\" class=\"attachment-large size-large wp-image-245\" alt=\"logo aqui l\u00e9gal\" srcset=\"https:\/\/achetermalincostabrava.com\/wp-content\/uploads\/2021\/01\/logo-aquit2.jpg 324w, https:\/\/achetermalincostabrava.com\/wp-content\/uploads\/2021\/01\/logo-aquit2-300x70.jpg 300w\" sizes=\"(max-width: 324px) 100vw, 324px\" \/>\t\t\t\t\t\t\t\t\t\t\t<figcaption class=\"widget-image-caption wp-caption-text\">aqui legal logo<\/figcaption>\n\t\t\t\t\t\t\t\t\t\t<\/figure>\n\t\t\t\t\t\t\t\t\t<\/div>\n\t\t\t\t<\/div>\n\t\t\t\t\t<\/div>\n\t\t<\/div>\n\t\t\t\t<div class=\"elementor-column elementor-col-25 elementor-top-column elementor-element elementor-element-cbe7e6d\" data-id=\"cbe7e6d\" data-element_type=\"column\" data-e-type=\"column\">\n\t\t\t<div class=\"elementor-widget-wrap elementor-element-populated\">\n\t\t\t\t\t\t<div class=\"elementor-element elementor-element-ed89c71 elementor-widget elementor-widget-image\" data-id=\"ed89c71\" data-element_type=\"widget\" data-e-type=\"widget\" data-widget_type=\"image.default\">\n\t\t\t\t<div class=\"elementor-widget-container\">\n\t\t\t\t\t\t\t\t\t\t\t\t<figure class=\"wp-caption\">\n\t\t\t\t\t\t\t\t\t\t<img loading=\"lazy\" decoding=\"async\" width=\"300\" height=\"91\" src=\"https:\/\/achetermalincostabrava.com\/wp-content\/uploads\/2021\/01\/LA-PENA-logo-positivo-300x91-1.png\" class=\"attachment-large size-large wp-image-269\" alt=\"Logo de la Pena\" \/>\t\t\t\t\t\t\t\t\t\t\t<figcaption class=\"widget-image-caption wp-caption-text\"><\/figcaption>\n\t\t\t\t\t\t\t\t\t\t<\/figure>\n\t\t\t\t\t\t\t\t\t<\/div>\n\t\t\t\t<\/div>\n\t\t\t\t\t<\/div>\n\t\t<\/div>\n\t\t\t\t\t<\/div>\n\t\t<\/section>\n\t\t\t\t<\/div>","protected":false},"excerpt":{"rendered":"<p>Nos Partenaires Logo-PartenaireSansFond membre Api logoEasyExpat logo-htbis logo destination espagne logo aqui l\u00e9gal<\/p>","protected":false},"author":1,"featured_media":0,"parent":0,"menu_order":0,"comment_status":"closed","ping_status":"closed","template":"elementor_header_footer","meta":{"footnotes":""},"class_list":["post-265","page","type-page","status-publish","hentry"],"yoast_head":"<!-- This site is optimized with the Yoast SEO plugin v27.0 - https:\/\/yoast.com\/product\/yoast-seo-wordpress\/ -->\n<title>Nos Partenaires - Acheter Malin Costa Brava<\/title>\n<meta name=\"description\" content=\"Vous pouvez voir sur cette page nos diff\u00e9rents partenaires pour le bon fonctionnement et la s\u00e9curit\u00e9 de vos investissement\" \/>\n<meta name=\"robots\" content=\"index, follow, max-snippet:-1, max-image-preview:large, max-video-preview:-1\" \/>\n<link rel=\"canonical\" href=\"https:\/\/achetermalincostabrava.com\/en\/nos-partenaires\/\" \/>\n<meta property=\"og:locale\" content=\"en_GB\" \/>\n<meta property=\"og:type\" content=\"article\" \/>\n<meta property=\"og:title\" content=\"Nos Partenaires - Acheter Malin Costa Brava\" \/>\n<meta property=\"og:description\" content=\"Vous pouvez voir sur cette page nos diff\u00e9rents partenaires pour le bon fonctionnement et la s\u00e9curit\u00e9 de vos investissement\" \/>\n<meta property=\"og:url\" content=\"https:\/\/achetermalincostabrava.com\/en\/nos-partenaires\/\" \/>\n<meta property=\"og:site_name\" content=\"Acheter Malin Costa Brava | Chasseur Immobilier Costa Brava\" \/>\n<meta property=\"article:modified_time\" content=\"2022-06-21T15:31:24+00:00\" \/>\n<meta property=\"og:image\" content=\"https:\/\/achetermalincostabrava.com\/wp-content\/uploads\/2021\/01\/LOGO-PartenaireSansFond-300x178-1.png\" \/>\n<meta name=\"twitter:card\" content=\"summary_large_image\" \/>\n<meta name=\"twitter:label1\" content=\"Estimated reading time\" \/>\n\t<meta name=\"twitter:data1\" content=\"2 minutes\" \/>\n<script type=\"application\/ld+json\" class=\"yoast-schema-graph\">{\"@context\":\"https:\/\/schema.org\",\"@graph\":[{\"@type\":\"WebPage\",\"@id\":\"https:\/\/achetermalincostabrava.com\/nos-partenaires\/\",\"url\":\"https:\/\/achetermalincostabrava.com\/nos-partenaires\/\",\"name\":\"Nos Partenaires - Acheter Malin Costa Brava\",\"isPartOf\":{\"@id\":\"https:\/\/achetermalincostabrava.com\/#website\"},\"primaryImageOfPage\":{\"@id\":\"https:\/\/achetermalincostabrava.com\/nos-partenaires\/#primaryimage\"},\"image\":{\"@id\":\"https:\/\/achetermalincostabrava.com\/nos-partenaires\/#primaryimage\"},\"thumbnailUrl\":\"https:\/\/achetermalincostabrava.com\/wp-content\/uploads\/2021\/01\/LOGO-PartenaireSansFond-300x178-1.png\",\"datePublished\":\"2021-01-07T03:31:58+00:00\",\"dateModified\":\"2022-06-21T15:31:24+00:00\",\"description\":\"Vous pouvez voir sur cette page nos diff\u00e9rents partenaires pour le bon fonctionnement et la s\u00e9curit\u00e9 de vos investissement\",\"breadcrumb\":{\"@id\":\"https:\/\/achetermalincostabrava.com\/nos-partenaires\/#breadcrumb\"},\"inLanguage\":\"en-GB\",\"potentialAction\":[{\"@type\":\"ReadAction\",\"target\":[\"https:\/\/achetermalincostabrava.com\/nos-partenaires\/\"]}]},{\"@type\":\"ImageObject\",\"inLanguage\":\"en-GB\",\"@id\":\"https:\/\/achetermalincostabrava.com\/nos-partenaires\/#primaryimage\",\"url\":\"https:\/\/achetermalincostabrava.com\/wp-content\/uploads\/2021\/01\/LOGO-PartenaireSansFond-300x178-1.png\",\"contentUrl\":\"https:\/\/achetermalincostabrava.com\/wp-content\/uploads\/2021\/01\/LOGO-PartenaireSansFond-300x178-1.png\"},{\"@type\":\"BreadcrumbList\",\"@id\":\"https:\/\/achetermalincostabrava.com\/nos-partenaires\/#breadcrumb\",\"itemListElement\":[{\"@type\":\"ListItem\",\"position\":1,\"name\":\"Accueil\",\"item\":\"https:\/\/achetermalincostabrava.com\/\"},{\"@type\":\"ListItem\",\"position\":2,\"name\":\"Nos Partenaires\"}]},{\"@type\":\"WebSite\",\"@id\":\"https:\/\/achetermalincostabrava.com\/#website\",\"url\":\"https:\/\/achetermalincostabrava.com\/\",\"name\":\"Acheter Malin Costa Brava | Chasseur Immobilier Costa Brava\",\"description\":\"Chasseur Immobilier Acheter Malin Costa Brava. Confiez votre recherche \u00e0 un professionnel francophone, sur place et repr\u00e9sentant localement vos interets. D\u00e9couvrez tous nos services.\",\"publisher\":{\"@id\":\"https:\/\/achetermalincostabrava.com\/#organization\"},\"potentialAction\":[{\"@type\":\"SearchAction\",\"target\":{\"@type\":\"EntryPoint\",\"urlTemplate\":\"https:\/\/achetermalincostabrava.com\/?s={search_term_string}\"},\"query-input\":{\"@type\":\"PropertyValueSpecification\",\"valueRequired\":true,\"valueName\":\"search_term_string\"}}],\"inLanguage\":\"en-GB\"},{\"@type\":\"Organization\",\"@id\":\"https:\/\/achetermalincostabrava.com\/#organization\",\"name\":\"Acheter Malin Costa Brava\",\"url\":\"https:\/\/achetermalincostabrava.com\/\",\"logo\":{\"@type\":\"ImageObject\",\"inLanguage\":\"en-GB\",\"@id\":\"https:\/\/achetermalincostabrava.com\/#\/schema\/logo\/image\/\",\"url\":\"https:\/\/achetermalincostabrava.com\/wp-content\/uploads\/2020\/12\/ach-ml.png\",\"contentUrl\":\"https:\/\/achetermalincostabrava.com\/wp-content\/uploads\/2020\/12\/ach-ml.png\",\"width\":258,\"height\":56,\"caption\":\"Acheter Malin Costa Brava\"},\"image\":{\"@id\":\"https:\/\/achetermalincostabrava.com\/#\/schema\/logo\/image\/\"}}]}<\/script>\n<!-- \/ Yoast SEO plugin. -->","yoast_head_json":{"title":"Nos Partenaires - Acheter Malin Costa Brava","description":"Vous pouvez voir sur cette page nos diff\u00e9rents partenaires pour le bon fonctionnement et la s\u00e9curit\u00e9 de vos investissement","robots":{"index":"index","follow":"follow","max-snippet":"max-snippet:-1","max-image-preview":"max-image-preview:large","max-video-preview":"max-video-preview:-1"},"canonical":"https:\/\/achetermalincostabrava.com\/en\/nos-partenaires\/","og_locale":"en_GB","og_type":"article","og_title":"Nos Partenaires - Acheter Malin Costa Brava","og_description":"Vous pouvez voir sur cette page nos diff\u00e9rents partenaires pour le bon fonctionnement et la s\u00e9curit\u00e9 de vos investissement","og_url":"https:\/\/achetermalincostabrava.com\/en\/nos-partenaires\/","og_site_name":"Acheter Malin Costa Brava | Chasseur Immobilier Costa Brava","article_modified_time":"2022-06-21T15:31:24+00:00","og_image":[{"url":"https:\/\/achetermalincostabrava.com\/wp-content\/uploads\/2021\/01\/LOGO-PartenaireSansFond-300x178-1.png","type":"","width":"","height":""}],"twitter_card":"summary_large_image","twitter_misc":{"Estimated reading time":"2 minutes"},"schema":{"@context":"https:\/\/schema.org","@graph":[{"@type":"WebPage","@id":"https:\/\/achetermalincostabrava.com\/nos-partenaires\/","url":"https:\/\/achetermalincostabrava.com\/nos-partenaires\/","name":"Nos Partenaires - Acheter Malin Costa Brava","isPartOf":{"@id":"https:\/\/achetermalincostabrava.com\/#website"},"primaryImageOfPage":{"@id":"https:\/\/achetermalincostabrava.com\/nos-partenaires\/#primaryimage"},"image":{"@id":"https:\/\/achetermalincostabrava.com\/nos-partenaires\/#primaryimage"},"thumbnailUrl":"https:\/\/achetermalincostabrava.com\/wp-content\/uploads\/2021\/01\/LOGO-PartenaireSansFond-300x178-1.png","datePublished":"2021-01-07T03:31:58+00:00","dateModified":"2022-06-21T15:31:24+00:00","description":"Vous pouvez voir sur cette page nos diff\u00e9rents partenaires pour le bon fonctionnement et la s\u00e9curit\u00e9 de vos investissement","breadcrumb":{"@id":"https:\/\/achetermalincostabrava.com\/nos-partenaires\/#breadcrumb"},"inLanguage":"en-GB","potentialAction":[{"@type":"ReadAction","target":["https:\/\/achetermalincostabrava.com\/nos-partenaires\/"]}]},{"@type":"ImageObject","inLanguage":"en-GB","@id":"https:\/\/achetermalincostabrava.com\/nos-partenaires\/#primaryimage","url":"https:\/\/achetermalincostabrava.com\/wp-content\/uploads\/2021\/01\/LOGO-PartenaireSansFond-300x178-1.png","contentUrl":"https:\/\/achetermalincostabrava.com\/wp-content\/uploads\/2021\/01\/LOGO-PartenaireSansFond-300x178-1.png"},{"@type":"BreadcrumbList","@id":"https:\/\/achetermalincostabrava.com\/nos-partenaires\/#breadcrumb","itemListElement":[{"@type":"ListItem","position":1,"name":"Accueil","item":"https:\/\/achetermalincostabrava.com\/"},{"@type":"ListItem","position":2,"name":"Nos Partenaires"}]},{"@type":"WebSite","@id":"https:\/\/achetermalincostabrava.com\/#website","url":"https:\/\/achetermalincostabrava.com\/","name":"Buy Smart Costa Brava | Chasseur Immobilier Costa Brava","description":"Property hunter Buy Smart Costa Brava. Entrust your search to a French-speaking professional, on site and representing your interests locally. Discover all our services.","publisher":{"@id":"https:\/\/achetermalincostabrava.com\/#organization"},"potentialAction":[{"@type":"SearchAction","target":{"@type":"EntryPoint","urlTemplate":"https:\/\/achetermalincostabrava.com\/?s={search_term_string}"},"query-input":{"@type":"PropertyValueSpecification","valueRequired":true,"valueName":"search_term_string"}}],"inLanguage":"en-GB"},{"@type":"Organization","@id":"https:\/\/achetermalincostabrava.com\/#organization","name":"Buy Smart Costa Brava","url":"https:\/\/achetermalincostabrava.com\/","logo":{"@type":"ImageObject","inLanguage":"en-GB","@id":"https:\/\/achetermalincostabrava.com\/#\/schema\/logo\/image\/","url":"https:\/\/achetermalincostabrava.com\/wp-content\/uploads\/2020\/12\/ach-ml.png","contentUrl":"https:\/\/achetermalincostabrava.com\/wp-content\/uploads\/2020\/12\/ach-ml.png","width":258,"height":56,"caption":"Acheter Malin Costa Brava"},"image":{"@id":"https:\/\/achetermalincostabrava.com\/#\/schema\/logo\/image\/"}}]}},"_links":{"self":[{"href":"https:\/\/achetermalincostabrava.com\/en\/wp-json\/wp\/v2\/pages\/265","targetHints":{"allow":["GET"]}}],"collection":[{"href":"https:\/\/achetermalincostabrava.com\/en\/wp-json\/wp\/v2\/pages"}],"about":[{"href":"https:\/\/achetermalincostabrava.com\/en\/wp-json\/wp\/v2\/types\/page"}],"author":[{"embeddable":true,"href":"https:\/\/achetermalincostabrava.com\/en\/wp-json\/wp\/v2\/users\/1"}],"replies":[{"embeddable":true,"href":"https:\/\/achetermalincostabrava.com\/en\/wp-json\/wp\/v2\/comments?post=265"}],"version-history":[{"count":0,"href":"https:\/\/achetermalincostabrava.com\/en\/wp-json\/wp\/v2\/pages\/265\/revisions"}],"wp:attachment":[{"href":"https:\/\/achetermalincostabrava.com\/en\/wp-json\/wp\/v2\/media?parent=265"}],"curies":[{"name":"wp","href":"https:\/\/api.w.org\/{rel}","templated":true}]}}