{"id":259,"date":"2021-01-07T03:20:32","date_gmt":"2021-01-07T03:20:32","guid":{"rendered":"https:\/\/costabrava.multinternet.com\/?page_id=259"},"modified":"2022-06-21T15:34:51","modified_gmt":"2022-06-21T15:34:51","slug":"mentions-legales-acheter-malin-costa-brava","status":"publish","type":"page","link":"https:\/\/achetermalincostabrava.com\/en\/mentions-legales-acheter-malin-costa-brava\/","title":{"rendered":"Mentions L\u00e9gales I Acheter Malin Costa Brava"},"content":{"rendered":"<div data-elementor-type=\"wp-page\" data-elementor-id=\"259\" class=\"elementor elementor-259\" data-elementor-post-type=\"page\">\n\t\t\t\t\t\t<section class=\"elementor-section elementor-top-section elementor-element elementor-element-9a4b00e elementor-section-content-middle elementor-section-height-min-height elementor-section-boxed elementor-section-height-default elementor-section-items-middle\" data-id=\"9a4b00e\" data-element_type=\"section\" data-e-type=\"section\" data-settings=\"{&quot;background_background&quot;:&quot;classic&quot;}\">\n\t\t\t\t\t\t\t<div class=\"elementor-background-overlay\"><\/div>\n\t\t\t\t\t\t\t<div class=\"elementor-container elementor-column-gap-default\">\n\t\t\t\t\t<div class=\"elementor-column elementor-col-50 elementor-top-column elementor-element elementor-element-ed96b5c\" data-id=\"ed96b5c\" data-element_type=\"column\" data-e-type=\"column\">\n\t\t\t<div class=\"elementor-widget-wrap elementor-element-populated\">\n\t\t\t\t\t\t<div class=\"elementor-element elementor-element-d3b76d4 elementor-widget elementor-widget-heading\" data-id=\"d3b76d4\" data-element_type=\"widget\" data-e-type=\"widget\" data-settings=\"{&quot;_animation&quot;:&quot;none&quot;}\" data-widget_type=\"heading.default\">\n\t\t\t\t<div class=\"elementor-widget-container\">\n\t\t\t\t\t<h1 class=\"elementor-heading-title elementor-size-default\">LEGAL NOTICES<\/h1>\t\t\t\t<\/div>\n\t\t\t\t<\/div>\n\t\t\t\t<div class=\"elementor-element elementor-element-e24ef6d elementor-widget elementor-widget-heading\" data-id=\"e24ef6d\" data-element_type=\"widget\" data-e-type=\"widget\" data-settings=\"{&quot;_animation&quot;:&quot;none&quot;}\" data-widget_type=\"heading.default\">\n\t\t\t\t<div class=\"elementor-widget-container\">\n\t\t\t\t\t<h2 class=\"elementor-heading-title elementor-size-default\">This Legal Notice governs access to, browsing and use of this website (hereinafter the \"Website\").<\/h2>\t\t\t\t<\/div>\n\t\t\t\t<\/div>\n\t\t\t\t\t<\/div>\n\t\t<\/div>\n\t\t\t\t<div class=\"elementor-column elementor-col-50 elementor-top-column elementor-element elementor-element-8b55996\" data-id=\"8b55996\" data-element_type=\"column\" data-e-type=\"column\">\n\t\t\t<div class=\"elementor-widget-wrap\">\n\t\t\t\t\t\t\t<\/div>\n\t\t<\/div>\n\t\t\t\t\t<\/div>\n\t\t<\/section>\n\t\t\t\t<section class=\"elementor-section elementor-top-section elementor-element elementor-element-cf90147 elementor-section-boxed elementor-section-height-default elementor-section-height-default\" data-id=\"cf90147\" data-element_type=\"section\" data-e-type=\"section\">\n\t\t\t\t\t\t<div class=\"elementor-container elementor-column-gap-default\">\n\t\t\t\t\t<div class=\"elementor-column elementor-col-100 elementor-top-column elementor-element elementor-element-57d937c\" data-id=\"57d937c\" data-element_type=\"column\" data-e-type=\"column\">\n\t\t\t<div class=\"elementor-widget-wrap elementor-element-populated\">\n\t\t\t\t\t\t<div class=\"elementor-element elementor-element-58bf278 elementor-widget elementor-widget-heading\" data-id=\"58bf278\" data-element_type=\"widget\" data-e-type=\"widget\" data-widget_type=\"heading.default\">\n\t\t\t\t<div class=\"elementor-widget-container\">\n\t\t\t\t\t<h2 class=\"elementor-heading-title elementor-size-default\">1 - INFORMATION LAW<\/h2>\t\t\t\t<\/div>\n\t\t\t\t<\/div>\n\t\t\t\t<div class=\"elementor-element elementor-element-0b4b300 elementor-widget elementor-widget-text-editor\" data-id=\"0b4b300\" data-element_type=\"widget\" data-e-type=\"widget\" data-widget_type=\"text-editor.default\">\n\t\t\t\t<div class=\"elementor-widget-container\">\n\t\t\t\t\t\t\t\t\t<p>In compliance with Article 10 of Law 34\/2002, of 11 July, on Information Society Services and Electronic Commerce, we inform you that the Website is the property of S\u00e9verine Weiss (hereinafter the \"OWNER\") with NIF X4602394W, domicile Calle Hortensia, 2, 17250 Platja d'Aro, Spain.<\/p><p>You can contact the OWNER of the Website at the following email address: info@achetermalincostabrava.com.<\/p>\t\t\t\t\t\t\t\t<\/div>\n\t\t\t\t<\/div>\n\t\t\t\t<div class=\"elementor-element elementor-element-b716abc elementor-widget elementor-widget-heading\" data-id=\"b716abc\" data-element_type=\"widget\" data-e-type=\"widget\" data-widget_type=\"heading.default\">\n\t\t\t\t<div class=\"elementor-widget-container\">\n\t\t\t\t\t<h2 class=\"elementor-heading-title elementor-size-default\">2.- USERS<\/h2>\t\t\t\t<\/div>\n\t\t\t\t<\/div>\n\t\t\t\t<div class=\"elementor-element elementor-element-9da2924 elementor-widget elementor-widget-text-editor\" data-id=\"9da2924\" data-element_type=\"widget\" data-e-type=\"widget\" data-widget_type=\"text-editor.default\">\n\t\t\t\t<div class=\"elementor-widget-container\">\n\t\t\t\t\t\t\t\t\t<p>By accessing and\/or using the Website, you become a User who accepts these Legal Notices and each and every one of the conditions and restrictions published on the Website at the time you access it.<\/p><p>Access to the Website and\/or use of any of the included services implies acceptance of all the conditions of use. The OWNER reserves the right to unilaterally modify the Website and the Content contained therein, including the modification of the conditions of use. Users are invited to read this Legal Notice each time they access the Website.<\/p>\t\t\t\t\t\t\t\t<\/div>\n\t\t\t\t<\/div>\n\t\t\t\t<div class=\"elementor-element elementor-element-817e415 elementor-widget elementor-widget-heading\" data-id=\"817e415\" data-element_type=\"widget\" data-e-type=\"widget\" data-widget_type=\"heading.default\">\n\t\t\t\t<div class=\"elementor-widget-container\">\n\t\t\t\t\t<h2 class=\"elementor-heading-title elementor-size-default\">3.- USE OF THE WEBSITE<\/h2>\t\t\t\t<\/div>\n\t\t\t\t<\/div>\n\t\t\t\t<div class=\"elementor-element elementor-element-ff2ab9c elementor-widget elementor-widget-text-editor\" data-id=\"ff2ab9c\" data-element_type=\"widget\" data-e-type=\"widget\" data-widget_type=\"text-editor.default\">\n\t\t\t\t<div class=\"elementor-widget-container\">\n\t\t\t\t\t\t\t\t\t<p>The Website may provide access to numerous texts, graphics, designs, codes, software, photographs, videos, music, sounds, databases, images, logos, expressions and information (hereinafter \"Content\") belonging to the OWNER or to third parties to which the User may have access.<\/p><p>The User assumes responsibility for use of the Website. This responsibility extends to the register which, in the User's case, is required to access the Content provided by the Website.<\/p><p>The User undertakes to make appropriate use of the Content offered by the Website and, for information purposes and without obligation, not to use it to (i) commit illicit or illegal activities or activities contrary to public morality or order; (ii) cause damage to the physical or logical systems of the OWNER of the Website, its suppliers or other persons; (iii) introduce or disseminate computer viruses or any other physical or logical system on the networks that may cause the aforementioned damage.<\/p><p>The OWNER shall have the right to investigate and report all such conduct in accordance with the Law, and to cooperate with the authorities in the investigation of such acts.<\/p>\t\t\t\t\t\t\t\t<\/div>\n\t\t\t\t<\/div>\n\t\t\t\t<div class=\"elementor-element elementor-element-045e78f elementor-widget elementor-widget-heading\" data-id=\"045e78f\" data-element_type=\"widget\" data-e-type=\"widget\" data-widget_type=\"heading.default\">\n\t\t\t\t<div class=\"elementor-widget-container\">\n\t\t\t\t\t<h2 class=\"elementor-heading-title elementor-size-default\">4 - INTELLECTUAL PROPERTY<\/h2>\t\t\t\t<\/div>\n\t\t\t\t<\/div>\n\t\t\t\t<div class=\"elementor-element elementor-element-d0598a5 elementor-widget elementor-widget-text-editor\" data-id=\"d0598a5\" data-element_type=\"widget\" data-e-type=\"widget\" data-widget_type=\"text-editor.default\">\n\t\t\t\t<div class=\"elementor-widget-container\">\n\t\t\t\t\t\t\t\t\t<p>All the intellectual property rights of the Content, design and source code of this Website are the exclusive property of the OWNER, or of third parties having been authorised by the OWNER to use them on its Website, corresponding to the exclusive exercise of the exploitation rights.<\/p><p>For this reason and by virtue of the provisions of Royal Legislative Decree 1\/1996 of 12 April, which approves the revised text of the Intellectual Property Act, as well as Act 17\/2001 of 7 December, on trademarks and complementary legislation on intellectual and industrial property, it is prohibited to reproduce, transmit, adapt, translate, distribute, publicly communicate, including the means of making it available, or in any other way exploit and\/or modify all or part of the contents of the Website, without the express prior authorisation of the OWNER.<\/p><p>The OWNER does not grant any licence or authorisation of use of any kind on its intellectual and industrial property rights or on any other property or right related to the Website, and under no circumstances will it be considered that the User's access and browsing implies a total or partial waiver, transmission, licence or transfer of these rights by the OWNER.<\/p><p>Any use of these contents not previously authorised by the OWNER will be considered a serious breach of intellectual or industrial property rights and will give rise to legally established liabilities.<\/p>\t\t\t\t\t\t\t\t<\/div>\n\t\t\t\t<\/div>\n\t\t\t\t<div class=\"elementor-element elementor-element-ab25d48 elementor-widget elementor-widget-heading\" data-id=\"ab25d48\" data-element_type=\"widget\" data-e-type=\"widget\" data-widget_type=\"heading.default\">\n\t\t\t\t<div class=\"elementor-widget-container\">\n\t\t\t\t\t<h2 class=\"elementor-heading-title elementor-size-default\">5 - LIABILITY AND GUARANTEES<\/h2>\t\t\t\t<\/div>\n\t\t\t\t<\/div>\n\t\t\t\t<div class=\"elementor-element elementor-element-ae196ef elementor-widget elementor-widget-text-editor\" data-id=\"ae196ef\" data-element_type=\"widget\" data-e-type=\"widget\" data-widget_type=\"text-editor.default\">\n\t\t\t\t<div class=\"elementor-widget-container\">\n\t\t\t\t\t\t\t\t\t<p>5.a)\u00a0<u>Exclusion of warranties and liability for the operation of the Website.<\/u><\/p><p>The OWNER declares that it has adopted the necessary means, within the limits of its possibilities and the state of the art, to ensure the correct operation of its Website and the absence of viruses and harmful components. However, the OWNER cannot be held responsible for : (a) the continuity and availability of the Contents; (b) the absence of errors in these Contents or the correction of any defect that may occur; (c) the absence of viruses and\/or other harmful components; (d) the damage caused by any person who breaches the security systems of the OWNER.<\/p><p>\u00a0<\/p><p>The OWNER may temporarily interrupt access to the Web Site without notice due to maintenance, repair, updating or improvement operations. However, whenever circumstances allow, the OWNER will inform the User in advance of the planned date on which access to the Web Site will be suspended.<\/p><p>5.b)\u00a0<u>Exclusion of warranties and liability for Content<\/u>.<\/p><p>The OWNER cannot guarantee the suitability of the Contents included in the Website for the personal purposes of those who access it. Consequently, access to this Website and the use that may be made of the information and Contents contained therein are carried out under the exclusive responsibility of the User, so that the OWNER will not be liable under any circumstances for any damage resulting from the improper use of the information and Contents accessible on the Website.<\/p><p>The OWNER is not responsible for the use that Users may make of the Content included on the Web Site. Consequently, the OWNER does not guarantee that the use made of the Content that may be included on the Web Site by Users complies with this Legal Notice, or that they do so diligently.<\/p><p>5.c)\u00a0<u>Exclusion of warranties and liability for links to other websites.<\/u><\/p><p>The Website may contain hypertext links allowing the User to access other websites. The OWNER assumes no responsibility for the content or information that may appear on these websites, which are considered to be offered solely for information purposes by the OWNER, and which in no case imply acceptance or approval between the OWNER and the persons or entities owning the sites where they are located. Consequently, the User accesses these websites under his\/her exclusive responsibility.<\/p>\t\t\t\t\t\t\t\t<\/div>\n\t\t\t\t<\/div>\n\t\t\t\t<div class=\"elementor-element elementor-element-03b272d elementor-widget elementor-widget-heading\" data-id=\"03b272d\" data-element_type=\"widget\" data-e-type=\"widget\" data-widget_type=\"heading.default\">\n\t\t\t\t<div class=\"elementor-widget-container\">\n\t\t\t\t\t<h2 class=\"elementor-heading-title elementor-size-default\">6 - DURATION AND MODIFICATION<\/h2>\t\t\t\t<\/div>\n\t\t\t\t<\/div>\n\t\t\t\t<div class=\"elementor-element elementor-element-cb8d3a0 elementor-widget elementor-widget-text-editor\" data-id=\"cb8d3a0\" data-element_type=\"widget\" data-e-type=\"widget\" data-widget_type=\"text-editor.default\">\n\t\t\t\t<div class=\"elementor-widget-container\">\n\t\t\t\t\t\t\t\t\t<p>The conditions of these Legal Notices will be in force until they are modified and the OWNER may make these modifications which will be communicated to the User.<\/p><p>The OWNER can delete, add or change the Contents proposed by the Website and also the way in which they appear presented or located. The conditions published at the time the User accesses the OWNER's Website are considered to be in force.<\/p><p>Access to and\/or use of the Website shall be deemed to constitute acceptance by the User of the terms and conditions of this Legal Notice and, where applicable, of any changes made thereto.<\/p>\t\t\t\t\t\t\t\t<\/div>\n\t\t\t\t<\/div>\n\t\t\t\t\t<\/div>\n\t\t<\/div>\n\t\t\t\t\t<\/div>\n\t\t<\/section>\n\t\t\t\t<\/div>","protected":false},"excerpt":{"rendered":"<p>MENTIONS L\u00c9GALES Ces Mentions L\u00e9gales r\u00e9gulent l\u2019acc\u00e8s, la navigation et l\u2019usage de ce site web (dor\u00e9navant, le \u201cSite Web\u201d). 1.-DROIT DE L\u2019INFORMATION En conformit\u00e9 avec l\u2019article 10 de la Loi 34\/2002, du 11 de Juillet, des Services de la Soci\u00e9t\u00e9 de l\u2019Information et du Commerce Electronique, nous vous informons que le Site Web est propri\u00e9t\u00e9 [&hellip;]<\/p>\n","protected":false},"author":1,"featured_media":0,"parent":0,"menu_order":0,"comment_status":"closed","ping_status":"closed","template":"elementor_header_footer","meta":{"footnotes":""},"class_list":["post-259","page","type-page","status-publish","hentry"],"yoast_head":"<!-- This site is optimized with the Yoast SEO plugin v27.0 - https:\/\/yoast.com\/product\/yoast-seo-wordpress\/ -->\n<title>Mentions L\u00e9gales I Acheter Malin Costa Brava - Chasseur Immo<\/title>\n<meta name=\"description\" content=\"Ces Mentions L\u00e9gales r\u00e9gulent l\u2019acc\u00e8s, la navigation et l\u2019usage de ce site web.En conformit\u00e9 avec l\u2019article 10 de la Loi 34\/2002, du 11\/07\" \/>\n<meta name=\"robots\" content=\"index, follow, max-snippet:-1, max-image-preview:large, max-video-preview:-1\" \/>\n<link rel=\"canonical\" href=\"https:\/\/achetermalincostabrava.com\/en\/mentions-legales-acheter-malin-costa-brava\/\" \/>\n<meta property=\"og:locale\" content=\"en_GB\" \/>\n<meta property=\"og:type\" content=\"article\" \/>\n<meta property=\"og:title\" content=\"Mentions L\u00e9gales I Acheter Malin Costa Brava - Chasseur Immo\" \/>\n<meta property=\"og:description\" content=\"Ces Mentions L\u00e9gales r\u00e9gulent l\u2019acc\u00e8s, la navigation et l\u2019usage de ce site web.En conformit\u00e9 avec l\u2019article 10 de la Loi 34\/2002, du 11\/07\" \/>\n<meta property=\"og:url\" content=\"https:\/\/achetermalincostabrava.com\/en\/mentions-legales-acheter-malin-costa-brava\/\" \/>\n<meta property=\"og:site_name\" content=\"Acheter Malin Costa Brava | Chasseur Immobilier Costa Brava\" \/>\n<meta property=\"article:modified_time\" content=\"2022-06-21T15:34:51+00:00\" \/>\n<meta name=\"twitter:card\" content=\"summary_large_image\" \/>\n<meta name=\"twitter:label1\" content=\"Estimated reading time\" \/>\n\t<meta name=\"twitter:data1\" content=\"6 minutes\" \/>\n<script type=\"application\/ld+json\" class=\"yoast-schema-graph\">{\"@context\":\"https:\/\/schema.org\",\"@graph\":[{\"@type\":\"WebPage\",\"@id\":\"https:\/\/achetermalincostabrava.com\/mentions-legales-acheter-malin-costa-brava\/\",\"url\":\"https:\/\/achetermalincostabrava.com\/mentions-legales-acheter-malin-costa-brava\/\",\"name\":\"Mentions L\u00e9gales I Acheter Malin Costa Brava - Chasseur Immo\",\"isPartOf\":{\"@id\":\"https:\/\/achetermalincostabrava.com\/#website\"},\"datePublished\":\"2021-01-07T03:20:32+00:00\",\"dateModified\":\"2022-06-21T15:34:51+00:00\",\"description\":\"Ces Mentions L\u00e9gales r\u00e9gulent l\u2019acc\u00e8s, la navigation et l\u2019usage de ce site web.En conformit\u00e9 avec l\u2019article 10 de la Loi 34\/2002, du 11\/07\",\"breadcrumb\":{\"@id\":\"https:\/\/achetermalincostabrava.com\/mentions-legales-acheter-malin-costa-brava\/#breadcrumb\"},\"inLanguage\":\"en-GB\",\"potentialAction\":[{\"@type\":\"ReadAction\",\"target\":[\"https:\/\/achetermalincostabrava.com\/mentions-legales-acheter-malin-costa-brava\/\"]}]},{\"@type\":\"BreadcrumbList\",\"@id\":\"https:\/\/achetermalincostabrava.com\/mentions-legales-acheter-malin-costa-brava\/#breadcrumb\",\"itemListElement\":[{\"@type\":\"ListItem\",\"position\":1,\"name\":\"Accueil\",\"item\":\"https:\/\/achetermalincostabrava.com\/\"},{\"@type\":\"ListItem\",\"position\":2,\"name\":\"Mentions L\u00e9gales I Acheter Malin Costa Brava\"}]},{\"@type\":\"WebSite\",\"@id\":\"https:\/\/achetermalincostabrava.com\/#website\",\"url\":\"https:\/\/achetermalincostabrava.com\/\",\"name\":\"Acheter Malin Costa Brava | Chasseur Immobilier Costa Brava\",\"description\":\"Chasseur Immobilier Acheter Malin Costa Brava. Confiez votre recherche \u00e0 un professionnel francophone, sur place et repr\u00e9sentant localement vos interets. D\u00e9couvrez tous nos services.\",\"publisher\":{\"@id\":\"https:\/\/achetermalincostabrava.com\/#organization\"},\"potentialAction\":[{\"@type\":\"SearchAction\",\"target\":{\"@type\":\"EntryPoint\",\"urlTemplate\":\"https:\/\/achetermalincostabrava.com\/?s={search_term_string}\"},\"query-input\":{\"@type\":\"PropertyValueSpecification\",\"valueRequired\":true,\"valueName\":\"search_term_string\"}}],\"inLanguage\":\"en-GB\"},{\"@type\":\"Organization\",\"@id\":\"https:\/\/achetermalincostabrava.com\/#organization\",\"name\":\"Acheter Malin Costa Brava\",\"url\":\"https:\/\/achetermalincostabrava.com\/\",\"logo\":{\"@type\":\"ImageObject\",\"inLanguage\":\"en-GB\",\"@id\":\"https:\/\/achetermalincostabrava.com\/#\/schema\/logo\/image\/\",\"url\":\"https:\/\/achetermalincostabrava.com\/wp-content\/uploads\/2020\/12\/ach-ml.png\",\"contentUrl\":\"https:\/\/achetermalincostabrava.com\/wp-content\/uploads\/2020\/12\/ach-ml.png\",\"width\":258,\"height\":56,\"caption\":\"Acheter Malin Costa Brava\"},\"image\":{\"@id\":\"https:\/\/achetermalincostabrava.com\/#\/schema\/logo\/image\/\"}}]}<\/script>\n<!-- \/ Yoast SEO plugin. -->","yoast_head_json":{"title":"Mentions L\u00e9gales I Acheter Malin Costa Brava - Chasseur Immo","description":"Ces Mentions L\u00e9gales r\u00e9gulent l\u2019acc\u00e8s, la navigation et l\u2019usage de ce site web.En conformit\u00e9 avec l\u2019article 10 de la Loi 34\/2002, du 11\/07","robots":{"index":"index","follow":"follow","max-snippet":"max-snippet:-1","max-image-preview":"max-image-preview:large","max-video-preview":"max-video-preview:-1"},"canonical":"https:\/\/achetermalincostabrava.com\/en\/mentions-legales-acheter-malin-costa-brava\/","og_locale":"en_GB","og_type":"article","og_title":"Mentions L\u00e9gales I Acheter Malin Costa Brava - Chasseur Immo","og_description":"Ces Mentions L\u00e9gales r\u00e9gulent l\u2019acc\u00e8s, la navigation et l\u2019usage de ce site web.En conformit\u00e9 avec l\u2019article 10 de la Loi 34\/2002, du 11\/07","og_url":"https:\/\/achetermalincostabrava.com\/en\/mentions-legales-acheter-malin-costa-brava\/","og_site_name":"Acheter Malin Costa Brava | Chasseur Immobilier Costa Brava","article_modified_time":"2022-06-21T15:34:51+00:00","twitter_card":"summary_large_image","twitter_misc":{"Estimated reading time":"6 minutes"},"schema":{"@context":"https:\/\/schema.org","@graph":[{"@type":"WebPage","@id":"https:\/\/achetermalincostabrava.com\/mentions-legales-acheter-malin-costa-brava\/","url":"https:\/\/achetermalincostabrava.com\/mentions-legales-acheter-malin-costa-brava\/","name":"Mentions L\u00e9gales I Acheter Malin Costa Brava - Chasseur Immo","isPartOf":{"@id":"https:\/\/achetermalincostabrava.com\/#website"},"datePublished":"2021-01-07T03:20:32+00:00","dateModified":"2022-06-21T15:34:51+00:00","description":"Ces Mentions L\u00e9gales r\u00e9gulent l\u2019acc\u00e8s, la navigation et l\u2019usage de ce site web.En conformit\u00e9 avec l\u2019article 10 de la Loi 34\/2002, du 11\/07","breadcrumb":{"@id":"https:\/\/achetermalincostabrava.com\/mentions-legales-acheter-malin-costa-brava\/#breadcrumb"},"inLanguage":"en-GB","potentialAction":[{"@type":"ReadAction","target":["https:\/\/achetermalincostabrava.com\/mentions-legales-acheter-malin-costa-brava\/"]}]},{"@type":"BreadcrumbList","@id":"https:\/\/achetermalincostabrava.com\/mentions-legales-acheter-malin-costa-brava\/#breadcrumb","itemListElement":[{"@type":"ListItem","position":1,"name":"Accueil","item":"https:\/\/achetermalincostabrava.com\/"},{"@type":"ListItem","position":2,"name":"Mentions L\u00e9gales I Acheter Malin Costa Brava"}]},{"@type":"WebSite","@id":"https:\/\/achetermalincostabrava.com\/#website","url":"https:\/\/achetermalincostabrava.com\/","name":"Buy Smart Costa Brava | Chasseur Immobilier Costa Brava","description":"Property hunter Buy Smart Costa Brava. Entrust your search to a French-speaking professional, on site and representing your interests locally. Discover all our services.","publisher":{"@id":"https:\/\/achetermalincostabrava.com\/#organization"},"potentialAction":[{"@type":"SearchAction","target":{"@type":"EntryPoint","urlTemplate":"https:\/\/achetermalincostabrava.com\/?s={search_term_string}"},"query-input":{"@type":"PropertyValueSpecification","valueRequired":true,"valueName":"search_term_string"}}],"inLanguage":"en-GB"},{"@type":"Organization","@id":"https:\/\/achetermalincostabrava.com\/#organization","name":"Buy Smart Costa Brava","url":"https:\/\/achetermalincostabrava.com\/","logo":{"@type":"ImageObject","inLanguage":"en-GB","@id":"https:\/\/achetermalincostabrava.com\/#\/schema\/logo\/image\/","url":"https:\/\/achetermalincostabrava.com\/wp-content\/uploads\/2020\/12\/ach-ml.png","contentUrl":"https:\/\/achetermalincostabrava.com\/wp-content\/uploads\/2020\/12\/ach-ml.png","width":258,"height":56,"caption":"Acheter Malin Costa Brava"},"image":{"@id":"https:\/\/achetermalincostabrava.com\/#\/schema\/logo\/image\/"}}]}},"_links":{"self":[{"href":"https:\/\/achetermalincostabrava.com\/en\/wp-json\/wp\/v2\/pages\/259","targetHints":{"allow":["GET"]}}],"collection":[{"href":"https:\/\/achetermalincostabrava.com\/en\/wp-json\/wp\/v2\/pages"}],"about":[{"href":"https:\/\/achetermalincostabrava.com\/en\/wp-json\/wp\/v2\/types\/page"}],"author":[{"embeddable":true,"href":"https:\/\/achetermalincostabrava.com\/en\/wp-json\/wp\/v2\/users\/1"}],"replies":[{"embeddable":true,"href":"https:\/\/achetermalincostabrava.com\/en\/wp-json\/wp\/v2\/comments?post=259"}],"version-history":[{"count":0,"href":"https:\/\/achetermalincostabrava.com\/en\/wp-json\/wp\/v2\/pages\/259\/revisions"}],"wp:attachment":[{"href":"https:\/\/achetermalincostabrava.com\/en\/wp-json\/wp\/v2\/media?parent=259"}],"curies":[{"name":"wp","href":"https:\/\/api.w.org\/{rel}","templated":true}]}}