{"id":255,"date":"2021-01-07T02:21:19","date_gmt":"2021-01-07T02:21:19","guid":{"rendered":"https:\/\/costabrava.multinternet.com\/?page_id=255"},"modified":"2022-06-21T15:39:28","modified_gmt":"2022-06-21T15:39:28","slug":"politique-de-cookies","status":"publish","type":"page","link":"https:\/\/achetermalincostabrava.com\/en\/politique-de-cookies\/","title":{"rendered":"Cookie policy"},"content":{"rendered":"<div data-elementor-type=\"wp-page\" data-elementor-id=\"255\" class=\"elementor elementor-255\" data-elementor-post-type=\"page\">\n\t\t\t\t\t\t<section class=\"elementor-section elementor-top-section elementor-element elementor-element-d39fbcc elementor-section-content-middle elementor-section-height-min-height elementor-section-boxed elementor-section-height-default elementor-section-items-middle\" data-id=\"d39fbcc\" data-element_type=\"section\" data-e-type=\"section\" data-settings=\"{&quot;background_background&quot;:&quot;classic&quot;}\">\n\t\t\t\t\t\t\t<div class=\"elementor-background-overlay\"><\/div>\n\t\t\t\t\t\t\t<div class=\"elementor-container elementor-column-gap-default\">\n\t\t\t\t\t<div class=\"elementor-column elementor-col-50 elementor-top-column elementor-element elementor-element-2e22b88\" data-id=\"2e22b88\" data-element_type=\"column\" data-e-type=\"column\">\n\t\t\t<div class=\"elementor-widget-wrap elementor-element-populated\">\n\t\t\t\t\t\t<div class=\"elementor-element elementor-element-18af75c elementor-widget elementor-widget-heading\" data-id=\"18af75c\" data-element_type=\"widget\" data-e-type=\"widget\" data-settings=\"{&quot;_animation&quot;:&quot;none&quot;}\" data-widget_type=\"heading.default\">\n\t\t\t\t<div class=\"elementor-widget-container\">\n\t\t\t\t\t<h1 class=\"elementor-heading-title elementor-size-default\">COOKIES POLICY<\/h1>\t\t\t\t<\/div>\n\t\t\t\t<\/div>\n\t\t\t\t\t<\/div>\n\t\t<\/div>\n\t\t\t\t<div class=\"elementor-column elementor-col-50 elementor-top-column elementor-element elementor-element-3831761\" data-id=\"3831761\" data-element_type=\"column\" data-e-type=\"column\">\n\t\t\t<div class=\"elementor-widget-wrap\">\n\t\t\t\t\t\t\t<\/div>\n\t\t<\/div>\n\t\t\t\t\t<\/div>\n\t\t<\/section>\n\t\t\t\t<section class=\"elementor-section elementor-top-section elementor-element elementor-element-1018a99 elementor-section-boxed elementor-section-height-default elementor-section-height-default\" data-id=\"1018a99\" data-element_type=\"section\" data-e-type=\"section\">\n\t\t\t\t\t\t<div class=\"elementor-container elementor-column-gap-default\">\n\t\t\t\t\t<div class=\"elementor-column elementor-col-100 elementor-top-column elementor-element elementor-element-8f0ed4f\" data-id=\"8f0ed4f\" data-element_type=\"column\" data-e-type=\"column\">\n\t\t\t<div class=\"elementor-widget-wrap elementor-element-populated\">\n\t\t\t\t\t\t<div class=\"elementor-element elementor-element-7f99b7e elementor-widget elementor-widget-heading\" data-id=\"7f99b7e\" data-element_type=\"widget\" data-e-type=\"widget\" data-widget_type=\"heading.default\">\n\t\t\t\t<div class=\"elementor-widget-container\">\n\t\t\t\t\t<h2 class=\"elementor-heading-title elementor-size-default\">DEFINITION OF COOKIES<\/h2>\t\t\t\t<\/div>\n\t\t\t\t<\/div>\n\t\t\t\t<div class=\"elementor-element elementor-element-087b92b elementor-widget elementor-widget-text-editor\" data-id=\"087b92b\" data-element_type=\"widget\" data-e-type=\"widget\" data-widget_type=\"text-editor.default\">\n\t\t\t\t<div class=\"elementor-widget-container\">\n\t\t\t\t\t\t\t\t\t<p>Cookies are small text files that are downloaded and stored on users' devices when they access websites. These files can store data about the user's browsing habits in order to personalise the information presented by the websites. The use of cookies is a technique widely used on the Internet to improve the provision of the Web Service and offer the user a better browsing experience. It is also used to store and retrieve preferences, gather statistical information about browsing, the sites visited, the length of the visit, etc.<\/p>\t\t\t\t\t\t\t\t<\/div>\n\t\t\t\t<\/div>\n\t\t\t\t<div class=\"elementor-element elementor-element-7a3c7fd elementor-widget elementor-widget-heading\" data-id=\"7a3c7fd\" data-element_type=\"widget\" data-e-type=\"widget\" data-widget_type=\"heading.default\">\n\t\t\t\t<div class=\"elementor-widget-container\">\n\t\t\t\t\t<h2 class=\"elementor-heading-title elementor-size-default\">TYPES OF COOKIES<\/h2>\t\t\t\t<\/div>\n\t\t\t\t<\/div>\n\t\t\t\t<div class=\"elementor-element elementor-element-08f0505 elementor-widget elementor-widget-text-editor\" data-id=\"08f0505\" data-element_type=\"widget\" data-e-type=\"widget\" data-widget_type=\"text-editor.default\">\n\t\t\t\t<div class=\"elementor-widget-container\">\n\t\t\t\t\t\t\t\t\t<p>Cookies fall into several categories depending on their characteristics and may be included in one or more of them.<\/p><p><u>Depending on their origin:\u00a0<\/u>Can be\u00a0<strong>\"own\" or \"third party\",<\/strong>\u00a0depending on the entity that manages them.<\/p><p><u>Depending on their duration:<\/u>\u00a0It can be\u00a0<strong>\"session<\/strong>\u00a0which expire once the browser is closed, and are used mainly to keep a user's session active, or\u00a0\u00a0<strong>\"persistent<\/strong>\u00a0which expire when they fulfil the purpose for which they were designed or when they are deleted manually.<\/p><p><u>Depending on their objective \u00a0<\/u>Can be:<\/p><ol><li><strong>\"technical or necessary<\/strong>to enable the use of various website services. If the user deactivates this type of cookie via their web browser preferences, it will no longer be possible to continue browsing.<\/li><li><strong>\"functional\",<\/strong>or \"personalisation\", to offer personalised services based on pre-established criteria, such as \"analytics\". These cookies, which are processed by us or by third parties (especially Google Analitycs), make it possible to monitor users' browsing behaviour on a statistical basis and to draw up browsing profiles, in order to make improvements based on the analysis of usage data on the products and\/or services offered. If the user does not accept the use of functional cookies, this website will continue to function, although it may lose some of its functionality.<\/li><li><strong>\"advertising<\/strong>to display advertising according to predetermined user profiles, \"behavioural advertising\" similar to the above but taking into account the user's behaviour and browsing habits, etc. In general, these are the cookies that enable advertising to be displayed in a personalised way to the user, both inside and outside our website, throughout their browsing.<\/li><\/ol>\t\t\t\t\t\t\t\t<\/div>\n\t\t\t\t<\/div>\n\t\t\t\t<div class=\"elementor-element elementor-element-d0efdbf elementor-widget elementor-widget-heading\" data-id=\"d0efdbf\" data-element_type=\"widget\" data-e-type=\"widget\" data-widget_type=\"heading.default\">\n\t\t\t\t<div class=\"elementor-widget-container\">\n\t\t\t\t\t<h2 class=\"elementor-heading-title elementor-size-default\">USE OF COOKIES<\/h2>\t\t\t\t<\/div>\n\t\t\t\t<\/div>\n\t\t\t\t<div class=\"elementor-element elementor-element-80af53e elementor-widget elementor-widget-text-editor\" data-id=\"80af53e\" data-element_type=\"widget\" data-e-type=\"widget\" data-widget_type=\"text-editor.default\">\n\t\t\t\t<div class=\"elementor-widget-container\">\n\t\t\t\t\t\t\t\t\t<p>When you visit our web pages, we collect standard Internet information and details of visitor behaviour. Under no circumstances does this information contain personal data, nor is it associated with any other information that could identify the user. If personal information is required, it will be explicitly requested.<\/p><p>The use of our web pages implies that you give your express and unequivocal consent to the use of cookies, under the terms and conditions set out in this Cookies Policy, without prejudice to the measures for deactivating and eliminating cookies that you may adopt and that appear in the Cookies Control section.<\/p><p>It is possible that the Cookie Policy of our website may change, which is why we advise you to consult the information on our Cookie Policy regularly so that you are properly informed.<\/p>\t\t\t\t\t\t\t\t<\/div>\n\t\t\t\t<\/div>\n\t\t\t\t<div class=\"elementor-element elementor-element-403ce00 elementor-widget elementor-widget-heading\" data-id=\"403ce00\" data-element_type=\"widget\" data-e-type=\"widget\" data-widget_type=\"heading.default\">\n\t\t\t\t<div class=\"elementor-widget-container\">\n\t\t\t\t\t<h2 class=\"elementor-heading-title elementor-size-default\">COOKIE CONTROL<\/h2>\t\t\t\t<\/div>\n\t\t\t\t<\/div>\n\t\t\t\t<div class=\"elementor-element elementor-element-08f03dd elementor-widget elementor-widget-text-editor\" data-id=\"08f03dd\" data-element_type=\"widget\" data-e-type=\"widget\" data-widget_type=\"text-editor.default\">\n\t\t\t\t<div class=\"elementor-widget-container\">\n\t\t\t\t\t\t\t\t\t<p>When browsing our web pages, the user may connect to other websites where we are present. When the user selects this option, they will be directed to that website, and once they leave our pages we cannot be held responsible for the use of Cookies by those websites that do not belong to us.<\/p><p>Users can consult, delete, limit the use of cookies, deactivate the use of cookies or receive a warning when cookies are created via their browser menu. The steps to follow vary depending on the browser used, and can be consulted in the browser's help menu.<\/p><p>Users must bear in mind that certain features of the content of the web pages are only available if the installation of cookies in their browser is authorised. If they decide not to accept or block certain cookies, depending on their purpose, this may affect all or part of the normal operation of the page, or prevent access to certain services.<\/p>\t\t\t\t\t\t\t\t<\/div>\n\t\t\t\t<\/div>\n\t\t\t\t\t<\/div>\n\t\t<\/div>\n\t\t\t\t\t<\/div>\n\t\t<\/section>\n\t\t\t\t<\/div>","protected":false},"excerpt":{"rendered":"<p>POLITIQUE DE COOKIES DEFINITION DE COOKIES Les cookies sont des petits fichiers de texte qui se t\u00e9l\u00e9chargent et stockent dans les dispositifs des utilisateurs quand ceux-ci acc\u00e8dent \u00e0 des sites Web. Ces fichiers peuvent stocker des donn\u00e9es concernant la navigation de l\u2019utilisateur afin de personnaliser l\u2019information que pr\u00e9sentent les sites Web. L\u2019utilisation des cookies est [&hellip;]<\/p>\n","protected":false},"author":1,"featured_media":0,"parent":0,"menu_order":0,"comment_status":"closed","ping_status":"closed","template":"elementor_header_footer","meta":{"footnotes":""},"class_list":["post-255","page","type-page","status-publish","hentry"],"yoast_head":"<!-- This site is optimized with the Yoast SEO plugin v27.0 - https:\/\/yoast.com\/product\/yoast-seo-wordpress\/ -->\n<title>Politique de cookies - Chasseur Immobilier Costa Brava<\/title>\n<meta name=\"description\" content=\"Les cookies sont des petits fichiers qui se t\u00e9l\u00e9chargent et stockent dans les dispositifs des utilisateurs quand ceux-ci acc\u00e8dent en ligne.\" \/>\n<meta name=\"robots\" content=\"index, follow, max-snippet:-1, max-image-preview:large, max-video-preview:-1\" \/>\n<link rel=\"canonical\" href=\"https:\/\/achetermalincostabrava.com\/en\/politique-de-cookies\/\" \/>\n<meta property=\"og:locale\" content=\"en_GB\" \/>\n<meta property=\"og:type\" content=\"article\" \/>\n<meta property=\"og:title\" content=\"Politique de cookies - Chasseur Immobilier Costa Brava\" \/>\n<meta property=\"og:description\" content=\"Les cookies sont des petits fichiers qui se t\u00e9l\u00e9chargent et stockent dans les dispositifs des utilisateurs quand ceux-ci acc\u00e8dent en ligne.\" \/>\n<meta property=\"og:url\" content=\"https:\/\/achetermalincostabrava.com\/en\/politique-de-cookies\/\" \/>\n<meta property=\"og:site_name\" content=\"Acheter Malin Costa Brava | Chasseur Immobilier Costa Brava\" \/>\n<meta property=\"article:modified_time\" content=\"2022-06-21T15:39:28+00:00\" \/>\n<meta name=\"twitter:card\" content=\"summary_large_image\" \/>\n<meta name=\"twitter:label1\" content=\"Estimated reading time\" \/>\n\t<meta name=\"twitter:data1\" content=\"4 minutes\" \/>\n<script type=\"application\/ld+json\" class=\"yoast-schema-graph\">{\"@context\":\"https:\/\/schema.org\",\"@graph\":[{\"@type\":\"WebPage\",\"@id\":\"https:\/\/achetermalincostabrava.com\/politique-de-cookies\/\",\"url\":\"https:\/\/achetermalincostabrava.com\/politique-de-cookies\/\",\"name\":\"Politique de cookies - Chasseur Immobilier Costa Brava\",\"isPartOf\":{\"@id\":\"https:\/\/achetermalincostabrava.com\/#website\"},\"datePublished\":\"2021-01-07T02:21:19+00:00\",\"dateModified\":\"2022-06-21T15:39:28+00:00\",\"description\":\"Les cookies sont des petits fichiers qui se t\u00e9l\u00e9chargent et stockent dans les dispositifs des utilisateurs quand ceux-ci acc\u00e8dent en ligne.\",\"breadcrumb\":{\"@id\":\"https:\/\/achetermalincostabrava.com\/politique-de-cookies\/#breadcrumb\"},\"inLanguage\":\"en-GB\",\"potentialAction\":[{\"@type\":\"ReadAction\",\"target\":[\"https:\/\/achetermalincostabrava.com\/politique-de-cookies\/\"]}]},{\"@type\":\"BreadcrumbList\",\"@id\":\"https:\/\/achetermalincostabrava.com\/politique-de-cookies\/#breadcrumb\",\"itemListElement\":[{\"@type\":\"ListItem\",\"position\":1,\"name\":\"Accueil\",\"item\":\"https:\/\/achetermalincostabrava.com\/\"},{\"@type\":\"ListItem\",\"position\":2,\"name\":\"Politique de cookies\"}]},{\"@type\":\"WebSite\",\"@id\":\"https:\/\/achetermalincostabrava.com\/#website\",\"url\":\"https:\/\/achetermalincostabrava.com\/\",\"name\":\"Acheter Malin Costa Brava | Chasseur Immobilier Costa Brava\",\"description\":\"Chasseur Immobilier Acheter Malin Costa Brava. Confiez votre recherche \u00e0 un professionnel francophone, sur place et repr\u00e9sentant localement vos interets. D\u00e9couvrez tous nos services.\",\"publisher\":{\"@id\":\"https:\/\/achetermalincostabrava.com\/#organization\"},\"potentialAction\":[{\"@type\":\"SearchAction\",\"target\":{\"@type\":\"EntryPoint\",\"urlTemplate\":\"https:\/\/achetermalincostabrava.com\/?s={search_term_string}\"},\"query-input\":{\"@type\":\"PropertyValueSpecification\",\"valueRequired\":true,\"valueName\":\"search_term_string\"}}],\"inLanguage\":\"en-GB\"},{\"@type\":\"Organization\",\"@id\":\"https:\/\/achetermalincostabrava.com\/#organization\",\"name\":\"Acheter Malin Costa Brava\",\"url\":\"https:\/\/achetermalincostabrava.com\/\",\"logo\":{\"@type\":\"ImageObject\",\"inLanguage\":\"en-GB\",\"@id\":\"https:\/\/achetermalincostabrava.com\/#\/schema\/logo\/image\/\",\"url\":\"https:\/\/achetermalincostabrava.com\/wp-content\/uploads\/2020\/12\/ach-ml.png\",\"contentUrl\":\"https:\/\/achetermalincostabrava.com\/wp-content\/uploads\/2020\/12\/ach-ml.png\",\"width\":258,\"height\":56,\"caption\":\"Acheter Malin Costa Brava\"},\"image\":{\"@id\":\"https:\/\/achetermalincostabrava.com\/#\/schema\/logo\/image\/\"}}]}<\/script>\n<!-- \/ Yoast SEO plugin. -->","yoast_head_json":{"title":"Politique de cookies - Chasseur Immobilier Costa Brava","description":"Les cookies sont des petits fichiers qui se t\u00e9l\u00e9chargent et stockent dans les dispositifs des utilisateurs quand ceux-ci acc\u00e8dent en ligne.","robots":{"index":"index","follow":"follow","max-snippet":"max-snippet:-1","max-image-preview":"max-image-preview:large","max-video-preview":"max-video-preview:-1"},"canonical":"https:\/\/achetermalincostabrava.com\/en\/politique-de-cookies\/","og_locale":"en_GB","og_type":"article","og_title":"Politique de cookies - Chasseur Immobilier Costa Brava","og_description":"Les cookies sont des petits fichiers qui se t\u00e9l\u00e9chargent et stockent dans les dispositifs des utilisateurs quand ceux-ci acc\u00e8dent en ligne.","og_url":"https:\/\/achetermalincostabrava.com\/en\/politique-de-cookies\/","og_site_name":"Acheter Malin Costa Brava | Chasseur Immobilier Costa Brava","article_modified_time":"2022-06-21T15:39:28+00:00","twitter_card":"summary_large_image","twitter_misc":{"Estimated reading time":"4 minutes"},"schema":{"@context":"https:\/\/schema.org","@graph":[{"@type":"WebPage","@id":"https:\/\/achetermalincostabrava.com\/politique-de-cookies\/","url":"https:\/\/achetermalincostabrava.com\/politique-de-cookies\/","name":"Politique de cookies - Chasseur Immobilier Costa Brava","isPartOf":{"@id":"https:\/\/achetermalincostabrava.com\/#website"},"datePublished":"2021-01-07T02:21:19+00:00","dateModified":"2022-06-21T15:39:28+00:00","description":"Les cookies sont des petits fichiers qui se t\u00e9l\u00e9chargent et stockent dans les dispositifs des utilisateurs quand ceux-ci acc\u00e8dent en ligne.","breadcrumb":{"@id":"https:\/\/achetermalincostabrava.com\/politique-de-cookies\/#breadcrumb"},"inLanguage":"en-GB","potentialAction":[{"@type":"ReadAction","target":["https:\/\/achetermalincostabrava.com\/politique-de-cookies\/"]}]},{"@type":"BreadcrumbList","@id":"https:\/\/achetermalincostabrava.com\/politique-de-cookies\/#breadcrumb","itemListElement":[{"@type":"ListItem","position":1,"name":"Accueil","item":"https:\/\/achetermalincostabrava.com\/"},{"@type":"ListItem","position":2,"name":"Politique de cookies"}]},{"@type":"WebSite","@id":"https:\/\/achetermalincostabrava.com\/#website","url":"https:\/\/achetermalincostabrava.com\/","name":"Buy Smart Costa Brava | Chasseur Immobilier Costa Brava","description":"Property hunter Buy Smart Costa Brava. Entrust your search to a French-speaking professional, on site and representing your interests locally. Discover all our services.","publisher":{"@id":"https:\/\/achetermalincostabrava.com\/#organization"},"potentialAction":[{"@type":"SearchAction","target":{"@type":"EntryPoint","urlTemplate":"https:\/\/achetermalincostabrava.com\/?s={search_term_string}"},"query-input":{"@type":"PropertyValueSpecification","valueRequired":true,"valueName":"search_term_string"}}],"inLanguage":"en-GB"},{"@type":"Organization","@id":"https:\/\/achetermalincostabrava.com\/#organization","name":"Buy Smart Costa Brava","url":"https:\/\/achetermalincostabrava.com\/","logo":{"@type":"ImageObject","inLanguage":"en-GB","@id":"https:\/\/achetermalincostabrava.com\/#\/schema\/logo\/image\/","url":"https:\/\/achetermalincostabrava.com\/wp-content\/uploads\/2020\/12\/ach-ml.png","contentUrl":"https:\/\/achetermalincostabrava.com\/wp-content\/uploads\/2020\/12\/ach-ml.png","width":258,"height":56,"caption":"Acheter Malin Costa Brava"},"image":{"@id":"https:\/\/achetermalincostabrava.com\/#\/schema\/logo\/image\/"}}]}},"_links":{"self":[{"href":"https:\/\/achetermalincostabrava.com\/en\/wp-json\/wp\/v2\/pages\/255","targetHints":{"allow":["GET"]}}],"collection":[{"href":"https:\/\/achetermalincostabrava.com\/en\/wp-json\/wp\/v2\/pages"}],"about":[{"href":"https:\/\/achetermalincostabrava.com\/en\/wp-json\/wp\/v2\/types\/page"}],"author":[{"embeddable":true,"href":"https:\/\/achetermalincostabrava.com\/en\/wp-json\/wp\/v2\/users\/1"}],"replies":[{"embeddable":true,"href":"https:\/\/achetermalincostabrava.com\/en\/wp-json\/wp\/v2\/comments?post=255"}],"version-history":[{"count":0,"href":"https:\/\/achetermalincostabrava.com\/en\/wp-json\/wp\/v2\/pages\/255\/revisions"}],"wp:attachment":[{"href":"https:\/\/achetermalincostabrava.com\/en\/wp-json\/wp\/v2\/media?parent=255"}],"curies":[{"name":"wp","href":"https:\/\/api.w.org\/{rel}","templated":true}]}}