{"id":234,"date":"2021-01-07T01:46:02","date_gmt":"2021-01-07T01:46:02","guid":{"rendered":"https:\/\/costabrava.multinternet.com\/?page_id=234"},"modified":"2022-11-17T16:53:39","modified_gmt":"2022-11-17T16:53:39","slug":"achat-costa-maresme-barcelona","status":"publish","type":"page","link":"https:\/\/achetermalincostabrava.com\/en\/achat-costa-maresme-barcelona\/","title":{"rendered":"Achat Costa Maresme &#8211; Barcelona"},"content":{"rendered":"<div data-elementor-type=\"wp-page\" data-elementor-id=\"234\" class=\"elementor elementor-234\" data-elementor-post-type=\"page\">\n\t\t\t\t\t\t<section class=\"elementor-section elementor-top-section elementor-element elementor-element-e6888f1 elementor-section-content-middle elementor-reverse-tablet elementor-reverse-mobile elementor-section-boxed elementor-section-height-default elementor-section-height-default\" data-id=\"e6888f1\" data-element_type=\"section\" data-e-type=\"section\">\n\t\t\t\t\t\t<div class=\"elementor-container elementor-column-gap-default\">\n\t\t\t\t\t<div class=\"elementor-column elementor-col-50 elementor-top-column elementor-element elementor-element-f90275a\" data-id=\"f90275a\" data-element_type=\"column\" data-e-type=\"column\">\n\t\t\t<div class=\"elementor-widget-wrap elementor-element-populated\">\n\t\t\t\t\t\t<div class=\"elementor-element elementor-element-6edb0ee elementor-widget elementor-widget-image\" data-id=\"6edb0ee\" data-element_type=\"widget\" data-e-type=\"widget\" data-widget_type=\"image.default\">\n\t\t\t\t<div class=\"elementor-widget-container\">\n\t\t\t\t\t\t\t\t\t\t\t\t\t\t\t<img decoding=\"async\" width=\"100\" height=\"100\" src=\"https:\/\/achetermalincostabrava.com\/wp-content\/uploads\/2021\/01\/cornergrey1-min.png\" class=\"attachment-large size-large wp-image-97\" alt=\"angle gris\" \/>\t\t\t\t\t\t\t\t\t\t\t\t\t\t\t<\/div>\n\t\t\t\t<\/div>\n\t\t\t\t<div class=\"elementor-element elementor-element-b9371a5 elementor-widget elementor-widget-heading\" data-id=\"b9371a5\" data-element_type=\"widget\" data-e-type=\"widget\" data-widget_type=\"heading.default\">\n\t\t\t\t<div class=\"elementor-widget-container\">\n\t\t\t\t\t<h1 class=\"elementor-heading-title elementor-size-default\">Buying on the Costa del Maresme and Barcelona<\/h1>\t\t\t\t<\/div>\n\t\t\t\t<\/div>\n\t\t\t\t<div class=\"elementor-element elementor-element-845e94a elementor-widget elementor-widget-heading\" data-id=\"845e94a\" data-element_type=\"widget\" data-e-type=\"widget\" data-widget_type=\"heading.default\">\n\t\t\t\t<div class=\"elementor-widget-container\">\n\t\t\t\t\t<h2 class=\"elementor-heading-title elementor-size-default\">The Costa del Maresme, Barcelona's closest coastline, stretches from Santa Susana on the Costa Brava to Badalona, 10km north of the Catalan capital.\n<br>\n<br>\nThe Costa Maresme combines the advantages of its proximity to Barcelona, with its gourmet restaurants, museums, attractive modernist buildings and dynamic pace, as well as easy access to a wide range of shopping options, such as the famous Roca Village, home to the outlets of many top brands. All these activities are complemented by the beautiful beaches of the coastline, offering a choice of calm, relaxation, fun and activity.\n<br>\n<br>\nIf you're looking to buy a house or flat in Barcelona, the prices per metre mean you can make a good investment in a pied-\u00e0-terre in the heart of Spain's cultural capital or right next to it, on the waterfront...\n<\/h2>\t\t\t\t<\/div>\n\t\t\t\t<\/div>\n\t\t\t\t<div class=\"elementor-element elementor-element-3b38580 elementor-hidden-tablet elementor-hidden-phone elementor-widget elementor-widget-image\" data-id=\"3b38580\" data-element_type=\"widget\" data-e-type=\"widget\" data-widget_type=\"image.default\">\n\t\t\t\t<div class=\"elementor-widget-container\">\n\t\t\t\t\t\t\t\t\t\t\t\t\t\t\t<img decoding=\"async\" width=\"100\" height=\"100\" src=\"https:\/\/achetermalincostabrava.com\/wp-content\/uploads\/2021\/01\/cornergrey2-min.png\" class=\"attachment-large size-large wp-image-98\" alt=\"angle gris1\" \/>\t\t\t\t\t\t\t\t\t\t\t\t\t\t\t<\/div>\n\t\t\t\t<\/div>\n\t\t\t\t\t<\/div>\n\t\t<\/div>\n\t\t\t\t<div class=\"elementor-column elementor-col-50 elementor-top-column elementor-element elementor-element-ad61fe2\" data-id=\"ad61fe2\" data-element_type=\"column\" data-e-type=\"column\">\n\t\t\t<div class=\"elementor-widget-wrap elementor-element-populated\">\n\t\t\t\t\t\t<div class=\"elementor-element elementor-element-ab29fc7 elementor-widget elementor-widget-image\" data-id=\"ab29fc7\" data-element_type=\"widget\" data-e-type=\"widget\" data-widget_type=\"image.default\">\n\t\t\t\t<div class=\"elementor-widget-container\">\n\t\t\t\t\t\t\t\t\t\t\t\t<figure class=\"wp-caption\">\n\t\t\t\t\t\t\t\t\t\t<img fetchpriority=\"high\" decoding=\"async\" width=\"740\" height=\"571\" src=\"https:\/\/achetermalincostabrava.com\/wp-content\/uploads\/2021\/01\/achatcostabarcelona.png\" class=\"attachment-large size-large wp-image-223\" alt=\"Acheter un bien immo \u00e0 barcelone\" srcset=\"https:\/\/achetermalincostabrava.com\/wp-content\/uploads\/2021\/01\/achatcostabarcelona.png 740w, https:\/\/achetermalincostabrava.com\/wp-content\/uploads\/2021\/01\/achatcostabarcelona-300x231.png 300w\" sizes=\"(max-width: 740px) 100vw, 740px\" \/>\t\t\t\t\t\t\t\t\t\t\t<figcaption class=\"widget-image-caption wp-caption-text\">Buying a property in barcelona<\/figcaption>\n\t\t\t\t\t\t\t\t\t\t<\/figure>\n\t\t\t\t\t\t\t\t\t<\/div>\n\t\t\t\t<\/div>\n\t\t\t\t\t<\/div>\n\t\t<\/div>\n\t\t\t\t\t<\/div>\n\t\t<\/section>\n\t\t\t\t<section class=\"elementor-section elementor-top-section elementor-element elementor-element-ba8c629 elementor-section-boxed elementor-section-height-default elementor-section-height-default\" data-id=\"ba8c629\" data-element_type=\"section\" data-e-type=\"section\">\n\t\t\t\t\t\t<div class=\"elementor-container elementor-column-gap-default\">\n\t\t\t\t\t<div class=\"elementor-column elementor-col-25 elementor-top-column elementor-element elementor-element-e2ddaa0\" data-id=\"e2ddaa0\" data-element_type=\"column\" data-e-type=\"column\">\n\t\t\t<div class=\"elementor-widget-wrap elementor-element-populated\">\n\t\t\t\t\t\t<div class=\"elementor-element elementor-element-828defb elementor-widget elementor-widget-image\" data-id=\"828defb\" data-element_type=\"widget\" data-e-type=\"widget\" data-widget_type=\"image.default\">\n\t\t\t\t<div class=\"elementor-widget-container\">\n\t\t\t\t\t\t\t\t\t\t\t\t<figure class=\"wp-caption\">\n\t\t\t\t\t\t\t\t\t\t<img loading=\"lazy\" decoding=\"async\" width=\"800\" height=\"523\" src=\"https:\/\/achetermalincostabrava.com\/wp-content\/uploads\/2021\/01\/Castelldefels-plage-en-Catalogne-Espagne-1024x670-1.jpg\" class=\"attachment-large size-large wp-image-237\" alt=\"Castelldefels plage en Catalogne\" srcset=\"https:\/\/achetermalincostabrava.com\/wp-content\/uploads\/2021\/01\/Castelldefels-plage-en-Catalogne-Espagne-1024x670-1.jpg 1024w, https:\/\/achetermalincostabrava.com\/wp-content\/uploads\/2021\/01\/Castelldefels-plage-en-Catalogne-Espagne-1024x670-1-300x196.jpg 300w, https:\/\/achetermalincostabrava.com\/wp-content\/uploads\/2021\/01\/Castelldefels-plage-en-Catalogne-Espagne-1024x670-1-768x503.jpg 768w\" sizes=\"(max-width: 800px) 100vw, 800px\" \/>\t\t\t\t\t\t\t\t\t\t\t<figcaption class=\"widget-image-caption wp-caption-text\">Castelldefels beach in Catalonia<\/figcaption>\n\t\t\t\t\t\t\t\t\t\t<\/figure>\n\t\t\t\t\t\t\t\t\t<\/div>\n\t\t\t\t<\/div>\n\t\t\t\t\t<\/div>\n\t\t<\/div>\n\t\t\t\t<div class=\"elementor-column elementor-col-25 elementor-top-column elementor-element elementor-element-cd71835\" data-id=\"cd71835\" data-element_type=\"column\" data-e-type=\"column\">\n\t\t\t<div class=\"elementor-widget-wrap elementor-element-populated\">\n\t\t\t\t\t\t<div class=\"elementor-element elementor-element-5515ce3 elementor-widget elementor-widget-image\" data-id=\"5515ce3\" data-element_type=\"widget\" data-e-type=\"widget\" data-widget_type=\"image.default\">\n\t\t\t\t<div class=\"elementor-widget-container\">\n\t\t\t\t\t\t\t\t\t\t\t\t<figure class=\"wp-caption\">\n\t\t\t\t\t\t\t\t\t\t<img loading=\"lazy\" decoding=\"async\" width=\"500\" height=\"334\" src=\"https:\/\/achetermalincostabrava.com\/wp-content\/uploads\/2021\/01\/Plage-de-Malgrat-de-Mar-en-Catalogne-Acheter-Malin-Costa-Brava1.jpg\" class=\"attachment-large size-large wp-image-238\" alt=\"Plage de Malgrat de Mar en Catalogne\" srcset=\"https:\/\/achetermalincostabrava.com\/wp-content\/uploads\/2021\/01\/Plage-de-Malgrat-de-Mar-en-Catalogne-Acheter-Malin-Costa-Brava1.jpg 500w, https:\/\/achetermalincostabrava.com\/wp-content\/uploads\/2021\/01\/Plage-de-Malgrat-de-Mar-en-Catalogne-Acheter-Malin-Costa-Brava1-300x200.jpg 300w\" sizes=\"(max-width: 500px) 100vw, 500px\" \/>\t\t\t\t\t\t\t\t\t\t\t<figcaption class=\"widget-image-caption wp-caption-text\">Malgrat de Mar beach in Catalonia<\/figcaption>\n\t\t\t\t\t\t\t\t\t\t<\/figure>\n\t\t\t\t\t\t\t\t\t<\/div>\n\t\t\t\t<\/div>\n\t\t\t\t\t<\/div>\n\t\t<\/div>\n\t\t\t\t<div class=\"elementor-column elementor-col-25 elementor-top-column elementor-element elementor-element-3b1a194\" data-id=\"3b1a194\" data-element_type=\"column\" data-e-type=\"column\">\n\t\t\t<div class=\"elementor-widget-wrap elementor-element-populated\">\n\t\t\t\t\t\t<div class=\"elementor-element elementor-element-08e0e0c elementor-widget elementor-widget-image\" data-id=\"08e0e0c\" data-element_type=\"widget\" data-e-type=\"widget\" data-widget_type=\"image.default\">\n\t\t\t\t<div class=\"elementor-widget-container\">\n\t\t\t\t\t\t\t\t\t\t\t\t<figure class=\"wp-caption\">\n\t\t\t\t\t\t\t\t\t\t<img loading=\"lazy\" decoding=\"async\" width=\"800\" height=\"534\" src=\"https:\/\/achetermalincostabrava.com\/wp-content\/uploads\/2021\/01\/Sitges-bord-de-mer-Espagne-1024x683-1.jpg\" class=\"attachment-large size-large wp-image-239\" alt=\"Sitges bord de mer Espagne\" srcset=\"https:\/\/achetermalincostabrava.com\/wp-content\/uploads\/2021\/01\/Sitges-bord-de-mer-Espagne-1024x683-1.jpg 1024w, https:\/\/achetermalincostabrava.com\/wp-content\/uploads\/2021\/01\/Sitges-bord-de-mer-Espagne-1024x683-1-300x200.jpg 300w, https:\/\/achetermalincostabrava.com\/wp-content\/uploads\/2021\/01\/Sitges-bord-de-mer-Espagne-1024x683-1-768x512.jpg 768w\" sizes=\"(max-width: 800px) 100vw, 800px\" \/>\t\t\t\t\t\t\t\t\t\t\t<figcaption class=\"widget-image-caption wp-caption-text\">Sitges seaside Spain<\/figcaption>\n\t\t\t\t\t\t\t\t\t\t<\/figure>\n\t\t\t\t\t\t\t\t\t<\/div>\n\t\t\t\t<\/div>\n\t\t\t\t\t<\/div>\n\t\t<\/div>\n\t\t\t\t<div class=\"elementor-column elementor-col-25 elementor-top-column elementor-element elementor-element-d4a339c\" data-id=\"d4a339c\" data-element_type=\"column\" data-e-type=\"column\">\n\t\t\t<div class=\"elementor-widget-wrap elementor-element-populated\">\n\t\t\t\t\t\t<div class=\"elementor-element elementor-element-be360cc elementor-widget elementor-widget-image\" data-id=\"be360cc\" data-element_type=\"widget\" data-e-type=\"widget\" data-widget_type=\"image.default\">\n\t\t\t\t<div class=\"elementor-widget-container\">\n\t\t\t\t\t\t\t\t\t\t\t\t<figure class=\"wp-caption\">\n\t\t\t\t\t\t\t\t\t\t<img loading=\"lazy\" decoding=\"async\" width=\"800\" height=\"534\" src=\"https:\/\/achetermalincostabrava.com\/wp-content\/uploads\/2021\/01\/Vivre-a-Barcelone-en-Catalogne-Espagne-1024x683-1.jpg\" class=\"attachment-large size-large wp-image-240\" alt=\"Vivre \u00e0 Barcelone en Catalogne Espagne\" srcset=\"https:\/\/achetermalincostabrava.com\/wp-content\/uploads\/2021\/01\/Vivre-a-Barcelone-en-Catalogne-Espagne-1024x683-1.jpg 1024w, https:\/\/achetermalincostabrava.com\/wp-content\/uploads\/2021\/01\/Vivre-a-Barcelone-en-Catalogne-Espagne-1024x683-1-300x200.jpg 300w, https:\/\/achetermalincostabrava.com\/wp-content\/uploads\/2021\/01\/Vivre-a-Barcelone-en-Catalogne-Espagne-1024x683-1-768x512.jpg 768w\" sizes=\"(max-width: 800px) 100vw, 800px\" \/>\t\t\t\t\t\t\t\t\t\t\t<figcaption class=\"widget-image-caption wp-caption-text\">Living in Barcelona in Catalonia Spain<\/figcaption>\n\t\t\t\t\t\t\t\t\t\t<\/figure>\n\t\t\t\t\t\t\t\t\t<\/div>\n\t\t\t\t<\/div>\n\t\t\t\t\t<\/div>\n\t\t<\/div>\n\t\t\t\t\t<\/div>\n\t\t<\/section>\n\t\t\t\t<\/div>","protected":false},"excerpt":{"rendered":"<p>Acheter sur la Costa del Maresme et Barcelone La Costa del Maresme, le littoral le plus proche de Barcelone, s\u2019\u00e9tend de Santa Susana sous la Costa Brava, jusqu\u2019\u00e0 Badalona \u00e0 10 km au nord de la capitale catalane. La Costa Maresme rassemble les avantages li\u00e9s \u00e0 sa proximit\u00e9 avec Barcelone, avec ses restaurants gastronomiques, ses [&hellip;]<\/p>\n","protected":false},"author":1,"featured_media":0,"parent":0,"menu_order":0,"comment_status":"closed","ping_status":"closed","template":"elementor_header_footer","meta":{"footnotes":""},"class_list":["post-234","page","type-page","status-publish","hentry"],"yoast_head":"<!-- This site is optimized with the Yoast SEO plugin v27.0 - https:\/\/yoast.com\/product\/yoast-seo-wordpress\/ -->\n<title>Acheter sur la Costa del Maresme et Barcelone votre bien immo<\/title>\n<meta name=\"description\" content=\"Acheter sur la Costa del Maresme et Barcelone. Le littoral le plus proche de Barcelone, s\u2019\u00e9tend de Santa Susana jusqu\u2019\u00e0 Badalona\" \/>\n<meta name=\"robots\" content=\"index, follow, max-snippet:-1, max-image-preview:large, max-video-preview:-1\" \/>\n<link rel=\"canonical\" href=\"https:\/\/achetermalincostabrava.com\/en\/achat-costa-maresme-barcelona\/\" \/>\n<meta property=\"og:locale\" content=\"en_GB\" \/>\n<meta property=\"og:type\" content=\"article\" \/>\n<meta property=\"og:title\" content=\"Acheter sur la Costa del Maresme et Barcelone votre bien immo\" \/>\n<meta property=\"og:description\" content=\"Acheter sur la Costa del Maresme et Barcelone. Le littoral le plus proche de Barcelone, s\u2019\u00e9tend de Santa Susana jusqu\u2019\u00e0 Badalona\" \/>\n<meta property=\"og:url\" content=\"https:\/\/achetermalincostabrava.com\/en\/achat-costa-maresme-barcelona\/\" \/>\n<meta property=\"og:site_name\" content=\"Acheter Malin Costa Brava | Chasseur Immobilier Costa Brava\" \/>\n<meta property=\"article:modified_time\" content=\"2022-11-17T16:53:39+00:00\" \/>\n<meta property=\"og:image\" content=\"https:\/\/achetermalincostabrava.com\/wp-content\/uploads\/2021\/01\/cornergrey1-min.png\" \/>\n<meta name=\"twitter:card\" content=\"summary_large_image\" \/>\n<meta name=\"twitter:label1\" content=\"Estimated reading time\" \/>\n\t<meta name=\"twitter:data1\" content=\"3 minutes\" \/>\n<script type=\"application\/ld+json\" class=\"yoast-schema-graph\">{\"@context\":\"https:\/\/schema.org\",\"@graph\":[{\"@type\":\"WebPage\",\"@id\":\"https:\/\/achetermalincostabrava.com\/achat-costa-maresme-barcelona\/\",\"url\":\"https:\/\/achetermalincostabrava.com\/achat-costa-maresme-barcelona\/\",\"name\":\"Acheter sur la Costa del Maresme et Barcelone votre bien immo\",\"isPartOf\":{\"@id\":\"https:\/\/achetermalincostabrava.com\/#website\"},\"primaryImageOfPage\":{\"@id\":\"https:\/\/achetermalincostabrava.com\/achat-costa-maresme-barcelona\/#primaryimage\"},\"image\":{\"@id\":\"https:\/\/achetermalincostabrava.com\/achat-costa-maresme-barcelona\/#primaryimage\"},\"thumbnailUrl\":\"https:\/\/achetermalincostabrava.com\/wp-content\/uploads\/2021\/01\/cornergrey1-min.png\",\"datePublished\":\"2021-01-07T01:46:02+00:00\",\"dateModified\":\"2022-11-17T16:53:39+00:00\",\"description\":\"Acheter sur la Costa del Maresme et Barcelone. Le littoral le plus proche de Barcelone, s\u2019\u00e9tend de Santa Susana jusqu\u2019\u00e0 Badalona\",\"breadcrumb\":{\"@id\":\"https:\/\/achetermalincostabrava.com\/achat-costa-maresme-barcelona\/#breadcrumb\"},\"inLanguage\":\"en-GB\",\"potentialAction\":[{\"@type\":\"ReadAction\",\"target\":[\"https:\/\/achetermalincostabrava.com\/achat-costa-maresme-barcelona\/\"]}]},{\"@type\":\"ImageObject\",\"inLanguage\":\"en-GB\",\"@id\":\"https:\/\/achetermalincostabrava.com\/achat-costa-maresme-barcelona\/#primaryimage\",\"url\":\"https:\/\/achetermalincostabrava.com\/wp-content\/uploads\/2021\/01\/cornergrey1-min.png\",\"contentUrl\":\"https:\/\/achetermalincostabrava.com\/wp-content\/uploads\/2021\/01\/cornergrey1-min.png\"},{\"@type\":\"BreadcrumbList\",\"@id\":\"https:\/\/achetermalincostabrava.com\/achat-costa-maresme-barcelona\/#breadcrumb\",\"itemListElement\":[{\"@type\":\"ListItem\",\"position\":1,\"name\":\"Accueil\",\"item\":\"https:\/\/achetermalincostabrava.com\/\"},{\"@type\":\"ListItem\",\"position\":2,\"name\":\"Achat Costa Maresme &#8211; Barcelona\"}]},{\"@type\":\"WebSite\",\"@id\":\"https:\/\/achetermalincostabrava.com\/#website\",\"url\":\"https:\/\/achetermalincostabrava.com\/\",\"name\":\"Acheter Malin Costa Brava | Chasseur Immobilier Costa Brava\",\"description\":\"Chasseur Immobilier Acheter Malin Costa Brava. Confiez votre recherche \u00e0 un professionnel francophone, sur place et repr\u00e9sentant localement vos interets. D\u00e9couvrez tous nos services.\",\"publisher\":{\"@id\":\"https:\/\/achetermalincostabrava.com\/#organization\"},\"potentialAction\":[{\"@type\":\"SearchAction\",\"target\":{\"@type\":\"EntryPoint\",\"urlTemplate\":\"https:\/\/achetermalincostabrava.com\/?s={search_term_string}\"},\"query-input\":{\"@type\":\"PropertyValueSpecification\",\"valueRequired\":true,\"valueName\":\"search_term_string\"}}],\"inLanguage\":\"en-GB\"},{\"@type\":\"Organization\",\"@id\":\"https:\/\/achetermalincostabrava.com\/#organization\",\"name\":\"Acheter Malin Costa Brava\",\"url\":\"https:\/\/achetermalincostabrava.com\/\",\"logo\":{\"@type\":\"ImageObject\",\"inLanguage\":\"en-GB\",\"@id\":\"https:\/\/achetermalincostabrava.com\/#\/schema\/logo\/image\/\",\"url\":\"https:\/\/achetermalincostabrava.com\/wp-content\/uploads\/2020\/12\/ach-ml.png\",\"contentUrl\":\"https:\/\/achetermalincostabrava.com\/wp-content\/uploads\/2020\/12\/ach-ml.png\",\"width\":258,\"height\":56,\"caption\":\"Acheter Malin Costa Brava\"},\"image\":{\"@id\":\"https:\/\/achetermalincostabrava.com\/#\/schema\/logo\/image\/\"}}]}<\/script>\n<!-- \/ Yoast SEO plugin. -->","yoast_head_json":{"title":"Acheter sur la Costa del Maresme et Barcelone votre bien immo","description":"Acheter sur la Costa del Maresme et Barcelone. Le littoral le plus proche de Barcelone, s\u2019\u00e9tend de Santa Susana jusqu\u2019\u00e0 Badalona","robots":{"index":"index","follow":"follow","max-snippet":"max-snippet:-1","max-image-preview":"max-image-preview:large","max-video-preview":"max-video-preview:-1"},"canonical":"https:\/\/achetermalincostabrava.com\/en\/achat-costa-maresme-barcelona\/","og_locale":"en_GB","og_type":"article","og_title":"Acheter sur la Costa del Maresme et Barcelone votre bien immo","og_description":"Acheter sur la Costa del Maresme et Barcelone. Le littoral le plus proche de Barcelone, s\u2019\u00e9tend de Santa Susana jusqu\u2019\u00e0 Badalona","og_url":"https:\/\/achetermalincostabrava.com\/en\/achat-costa-maresme-barcelona\/","og_site_name":"Acheter Malin Costa Brava | Chasseur Immobilier Costa Brava","article_modified_time":"2022-11-17T16:53:39+00:00","og_image":[{"url":"https:\/\/achetermalincostabrava.com\/wp-content\/uploads\/2021\/01\/cornergrey1-min.png","type":"","width":"","height":""}],"twitter_card":"summary_large_image","twitter_misc":{"Estimated reading time":"3 minutes"},"schema":{"@context":"https:\/\/schema.org","@graph":[{"@type":"WebPage","@id":"https:\/\/achetermalincostabrava.com\/achat-costa-maresme-barcelona\/","url":"https:\/\/achetermalincostabrava.com\/achat-costa-maresme-barcelona\/","name":"Acheter sur la Costa del Maresme et Barcelone votre bien immo","isPartOf":{"@id":"https:\/\/achetermalincostabrava.com\/#website"},"primaryImageOfPage":{"@id":"https:\/\/achetermalincostabrava.com\/achat-costa-maresme-barcelona\/#primaryimage"},"image":{"@id":"https:\/\/achetermalincostabrava.com\/achat-costa-maresme-barcelona\/#primaryimage"},"thumbnailUrl":"https:\/\/achetermalincostabrava.com\/wp-content\/uploads\/2021\/01\/cornergrey1-min.png","datePublished":"2021-01-07T01:46:02+00:00","dateModified":"2022-11-17T16:53:39+00:00","description":"Acheter sur la Costa del Maresme et Barcelone. Le littoral le plus proche de Barcelone, s\u2019\u00e9tend de Santa Susana jusqu\u2019\u00e0 Badalona","breadcrumb":{"@id":"https:\/\/achetermalincostabrava.com\/achat-costa-maresme-barcelona\/#breadcrumb"},"inLanguage":"en-GB","potentialAction":[{"@type":"ReadAction","target":["https:\/\/achetermalincostabrava.com\/achat-costa-maresme-barcelona\/"]}]},{"@type":"ImageObject","inLanguage":"en-GB","@id":"https:\/\/achetermalincostabrava.com\/achat-costa-maresme-barcelona\/#primaryimage","url":"https:\/\/achetermalincostabrava.com\/wp-content\/uploads\/2021\/01\/cornergrey1-min.png","contentUrl":"https:\/\/achetermalincostabrava.com\/wp-content\/uploads\/2021\/01\/cornergrey1-min.png"},{"@type":"BreadcrumbList","@id":"https:\/\/achetermalincostabrava.com\/achat-costa-maresme-barcelona\/#breadcrumb","itemListElement":[{"@type":"ListItem","position":1,"name":"Accueil","item":"https:\/\/achetermalincostabrava.com\/"},{"@type":"ListItem","position":2,"name":"Achat Costa Maresme &#8211; Barcelona"}]},{"@type":"WebSite","@id":"https:\/\/achetermalincostabrava.com\/#website","url":"https:\/\/achetermalincostabrava.com\/","name":"Buy Smart Costa Brava | Chasseur Immobilier Costa Brava","description":"Property hunter Buy Smart Costa Brava. Entrust your search to a French-speaking professional, on site and representing your interests locally. Discover all our services.","publisher":{"@id":"https:\/\/achetermalincostabrava.com\/#organization"},"potentialAction":[{"@type":"SearchAction","target":{"@type":"EntryPoint","urlTemplate":"https:\/\/achetermalincostabrava.com\/?s={search_term_string}"},"query-input":{"@type":"PropertyValueSpecification","valueRequired":true,"valueName":"search_term_string"}}],"inLanguage":"en-GB"},{"@type":"Organization","@id":"https:\/\/achetermalincostabrava.com\/#organization","name":"Buy Smart Costa Brava","url":"https:\/\/achetermalincostabrava.com\/","logo":{"@type":"ImageObject","inLanguage":"en-GB","@id":"https:\/\/achetermalincostabrava.com\/#\/schema\/logo\/image\/","url":"https:\/\/achetermalincostabrava.com\/wp-content\/uploads\/2020\/12\/ach-ml.png","contentUrl":"https:\/\/achetermalincostabrava.com\/wp-content\/uploads\/2020\/12\/ach-ml.png","width":258,"height":56,"caption":"Acheter Malin Costa Brava"},"image":{"@id":"https:\/\/achetermalincostabrava.com\/#\/schema\/logo\/image\/"}}]}},"_links":{"self":[{"href":"https:\/\/achetermalincostabrava.com\/en\/wp-json\/wp\/v2\/pages\/234","targetHints":{"allow":["GET"]}}],"collection":[{"href":"https:\/\/achetermalincostabrava.com\/en\/wp-json\/wp\/v2\/pages"}],"about":[{"href":"https:\/\/achetermalincostabrava.com\/en\/wp-json\/wp\/v2\/types\/page"}],"author":[{"embeddable":true,"href":"https:\/\/achetermalincostabrava.com\/en\/wp-json\/wp\/v2\/users\/1"}],"replies":[{"embeddable":true,"href":"https:\/\/achetermalincostabrava.com\/en\/wp-json\/wp\/v2\/comments?post=234"}],"version-history":[{"count":0,"href":"https:\/\/achetermalincostabrava.com\/en\/wp-json\/wp\/v2\/pages\/234\/revisions"}],"wp:attachment":[{"href":"https:\/\/achetermalincostabrava.com\/en\/wp-json\/wp\/v2\/media?parent=234"}],"curies":[{"name":"wp","href":"https:\/\/api.w.org\/{rel}","templated":true}]}}